{"id":6086,"date":"2015-12-07T11:37:28","date_gmt":"2015-12-07T10:37:28","guid":{"rendered":"http:\/\/www.andreclaude.fr\/web\/index.php\/produit\/confiture-de-lait-lepot\/"},"modified":"2024-05-23T11:01:15","modified_gmt":"2024-05-23T10:01:15","slug":"confiture-de-lait-lepot","status":"publish","type":"product","link":"https:\/\/www.andreclaude.fr\/web\/index.php\/produit\/confiture-de-lait-lepot\/","title":{"rendered":"Confiture de lait  le pot de 250g"},"content":{"rendered":"<p>Jean d&rsquo;Audignac<\/p>\n<p>Distribu\u00e9 par SDP Rungis<\/p>\n<p>6 rue des oliviers<\/p>\n<p>94537 Orly cedex<\/p>\n<p>&nbsp;<\/p>\n","protected":false},"excerpt":{"rendered":"<p>Elle se d\u00e9guste en tartine, sur des cr\u00eapes, garnit les tartes aux fruits ou les g\u00e2teaux au chocolat. La confiture de lait parfume aussi les cr\u00e8mes prises mais quel gourmand ne s&rsquo;en est pas aussi r\u00e9gal\u00e9 \u00e0 la d\u00e9rob\u00e9e, en plongeant tout simplement sa petite cuill\u00e8re \u00e0 m\u00eame le pot ?<\/p>\n<p>Ingr\u00e9dients : <strong>Lait<\/strong> entier (61%), sucre,<strong> lait<\/strong> \u00e9cr\u00e9m\u00e9 en poudre (8.4%)<\/p>\n<p>Valeurs nutritionnelles pour 100 g<\/p>\n<p>Energie : 1218kj\/288kcal<\/p>\n<p>Mati\u00e8res grasses : 3.5g dont acides gras satur\u00e9s 1.9g<\/p>\n<p>Glucides : 57g dont sucres 56g<\/p>\n<p>Prot\u00e9ines : 7.4g<\/p>\n<p>A conserver au frais apr\u00e8s ouverture<\/p>\n","protected":false},"featured_media":19053,"comment_status":"closed","ping_status":"closed","template":"","meta":[],"product_cat":[194,177],"product_tag":[],"jetpack_publicize_connections":[],"_links":{"self":[{"href":"https:\/\/www.andreclaude.fr\/web\/index.php\/wp-json\/wp\/v2\/product\/6086"}],"collection":[{"href":"https:\/\/www.andreclaude.fr\/web\/index.php\/wp-json\/wp\/v2\/product"}],"about":[{"href":"https:\/\/www.andreclaude.fr\/web\/index.php\/wp-json\/wp\/v2\/types\/product"}],"replies":[{"embeddable":true,"href":"https:\/\/www.andreclaude.fr\/web\/index.php\/wp-json\/wp\/v2\/comments?post=6086"}],"wp:featuredmedia":[{"embeddable":true,"href":"https:\/\/www.andreclaude.fr\/web\/index.php\/wp-json\/wp\/v2\/media\/19053"}],"wp:attachment":[{"href":"https:\/\/www.andreclaude.fr\/web\/index.php\/wp-json\/wp\/v2\/media?parent=6086"}],"wp:term":[{"taxonomy":"product_cat","embeddable":true,"href":"https:\/\/www.andreclaude.fr\/web\/index.php\/wp-json\/wp\/v2\/product_cat?post=6086"},{"taxonomy":"product_tag","embeddable":true,"href":"https:\/\/www.andreclaude.fr\/web\/index.php\/wp-json\/wp\/v2\/product_tag?post=6086"}],"curies":[{"name":"wp","href":"https:\/\/api.w.org\/{rel}","templated":true}]}}