{"id":6076,"date":"2015-12-07T11:37:23","date_gmt":"2015-12-07T10:37:23","guid":{"rendered":"http:\/\/www.andreclaude.fr\/web\/index.php\/produit\/marmelade-orange-le-pot\/"},"modified":"2024-05-23T11:02:56","modified_gmt":"2024-05-23T10:02:56","slug":"marmelade-orange-le-pot","status":"publish","type":"product","link":"https:\/\/www.andreclaude.fr\/web\/index.php\/produit\/marmelade-orange-le-pot\/","title":{"rendered":"Marmelade d&rsquo; orange le pot 370g"},"content":{"rendered":"<p>SAS COPYR<\/p>\n<p>09190 LORP<\/p>\n","protected":false},"excerpt":{"rendered":"<p>Confiture Extra Daniel Boudet<\/p>\n<p>Pr\u00e9par\u00e9e avec 45g de fruit pour 100g de produit fini.<\/p>\n<p>Teneur totale en sucres : 60g pour 100g<\/p>\n<p>Ingr\u00e9dients : Sucre, mandarine, g\u00e9lifiant : pectine, affermissant : citrate tricalcique.<\/p>\n<p>OGM : Garanti sans OGM<br \/>\nIONISATION : Ce produit n&rsquo;est pas trait\u00e9 par ionisation et ne contient aucun ingr\u00e9dient ou additif ionis\u00e9.<br \/>\nALLERGENE(S) :Absence<\/p>\n<p>Valeurs nutritionnelles\u00a0 pour 100 g<\/p>\n<p>Energie : 213kcal \/903kj<\/p>\n<p>Mati\u00e8res grasses : 0.1 g dont acides gras satur\u00e9s : 0g<\/p>\n<p>Glucides : 51g dont sucres 51g<\/p>\n<p>Prot\u00e9ines : 1g<\/p>\n<p>Sel : 0g<\/p>\n","protected":false},"featured_media":19052,"comment_status":"closed","ping_status":"closed","template":"","meta":[],"product_cat":[194,177],"product_tag":[],"jetpack_publicize_connections":[],"_links":{"self":[{"href":"https:\/\/www.andreclaude.fr\/web\/index.php\/wp-json\/wp\/v2\/product\/6076"}],"collection":[{"href":"https:\/\/www.andreclaude.fr\/web\/index.php\/wp-json\/wp\/v2\/product"}],"about":[{"href":"https:\/\/www.andreclaude.fr\/web\/index.php\/wp-json\/wp\/v2\/types\/product"}],"replies":[{"embeddable":true,"href":"https:\/\/www.andreclaude.fr\/web\/index.php\/wp-json\/wp\/v2\/comments?post=6076"}],"wp:featuredmedia":[{"embeddable":true,"href":"https:\/\/www.andreclaude.fr\/web\/index.php\/wp-json\/wp\/v2\/media\/19052"}],"wp:attachment":[{"href":"https:\/\/www.andreclaude.fr\/web\/index.php\/wp-json\/wp\/v2\/media?parent=6076"}],"wp:term":[{"taxonomy":"product_cat","embeddable":true,"href":"https:\/\/www.andreclaude.fr\/web\/index.php\/wp-json\/wp\/v2\/product_cat?post=6076"},{"taxonomy":"product_tag","embeddable":true,"href":"https:\/\/www.andreclaude.fr\/web\/index.php\/wp-json\/wp\/v2\/product_tag?post=6076"}],"curies":[{"name":"wp","href":"https:\/\/api.w.org\/{rel}","templated":true}]}}