{"id":6008,"date":"2015-12-07T11:36:58","date_gmt":"2015-12-07T10:36:58","guid":{"rendered":"http:\/\/www.andreclaude.fr\/web\/index.php\/produit\/fromage-blanc-battu-artisanale-pot-de-1-kg\/"},"modified":"2023-02-16T15:24:42","modified_gmt":"2023-02-16T14:24:42","slug":"fromage-blanc-battu-artisanale-pot-de-1-kg","status":"publish","type":"product","link":"https:\/\/www.andreclaude.fr\/web\/index.php\/produit\/fromage-blanc-battu-artisanale-pot-de-1-kg\/","title":{"rendered":"Fromage Blanc battu Artisanal &#8211; pot de 1 kg"},"content":{"rendered":"<p><span style=\"font-family: Arial,Helvetica,sans-serif;\">Laiterie de\u00a0 Montoire sur Loir 41 800 ( Loir et cher).<\/span><\/p>\n","protected":false},"excerpt":{"rendered":"<div align=\"center\">\n<p align=\"left\"><span style=\"font-family: Arial,Helvetica,sans-serif;\">\u00a0Le Petit Tr\u00f4o . Le fromage blanc battu est obtenu apr\u00e8s lissage du caill\u00e9 \u00e9goutt\u00e9 en moule. Ce proc\u00e9d\u00e9 lui conf\u00e8re une parfaite onctuosit\u00e9.<\/span><\/p>\n<p style=\"text-align: left;\">Ingr\u00e9dients : <strong>lait<\/strong> de vache pasteuris\u00e9<\/p>\n<p style=\"text-align: left;\">Valeurs nutritionnelles moyennes pour 100g<\/p>\n<p style=\"text-align: left;\">Energie : 422kj\/101kcal<\/p>\n<p style=\"text-align: left;\">Mati\u00e8res grasses : 7g dont acides gras satur\u00e9s : 5.3g<\/p>\n<p style=\"text-align: left;\">Glucides : 4.1g dont sucres 1.6g<\/p>\n<p style=\"text-align: left;\">Prot\u00e9ines : 5.7g<\/p>\n<p style=\"text-align: left;\">Sel : 0.1g<\/p>\n<\/div>\n","protected":false},"featured_media":18863,"comment_status":"closed","ping_status":"closed","template":"","meta":[],"product_cat":[196,194,166],"product_tag":[],"jetpack_publicize_connections":[],"_links":{"self":[{"href":"https:\/\/www.andreclaude.fr\/web\/index.php\/wp-json\/wp\/v2\/product\/6008"}],"collection":[{"href":"https:\/\/www.andreclaude.fr\/web\/index.php\/wp-json\/wp\/v2\/product"}],"about":[{"href":"https:\/\/www.andreclaude.fr\/web\/index.php\/wp-json\/wp\/v2\/types\/product"}],"replies":[{"embeddable":true,"href":"https:\/\/www.andreclaude.fr\/web\/index.php\/wp-json\/wp\/v2\/comments?post=6008"}],"wp:featuredmedia":[{"embeddable":true,"href":"https:\/\/www.andreclaude.fr\/web\/index.php\/wp-json\/wp\/v2\/media\/18863"}],"wp:attachment":[{"href":"https:\/\/www.andreclaude.fr\/web\/index.php\/wp-json\/wp\/v2\/media?parent=6008"}],"wp:term":[{"taxonomy":"product_cat","embeddable":true,"href":"https:\/\/www.andreclaude.fr\/web\/index.php\/wp-json\/wp\/v2\/product_cat?post=6008"},{"taxonomy":"product_tag","embeddable":true,"href":"https:\/\/www.andreclaude.fr\/web\/index.php\/wp-json\/wp\/v2\/product_tag?post=6008"}],"curies":[{"name":"wp","href":"https:\/\/api.w.org\/{rel}","templated":true}]}}