{"id":6002,"date":"2015-12-07T11:36:50","date_gmt":"2015-12-07T10:36:50","guid":{"rendered":"http:\/\/www.andreclaude.fr\/web\/index.php\/produit\/speculos-le-paquet\/"},"modified":"2024-10-16T09:36:10","modified_gmt":"2024-10-16T08:36:10","slug":"speculos-le-paquet","status":"publish","type":"product","link":"https:\/\/www.andreclaude.fr\/web\/index.php\/produit\/speculos-le-paquet\/","title":{"rendered":"Sp\u00e9culoos authentiques le paquet 225g"},"content":{"rendered":"<p>Fabriqu\u00e9 en Belgique<\/p>\n<p>B 2880 BORNEM<\/p>\n","protected":false},"excerpt":{"rendered":"<p>Nos sp\u00e9culoos sont d&rsquo;authentiques Sp\u00e9culoos de Belgique, ils sont pr\u00e9par\u00e9s selon une recette \u00e0 l&rsquo;ancienne sans colorants et sans conservateurs chimiques. Paquet de 20 sp\u00e9culoos \u00e0 d\u00e9guster \u00e0 l&rsquo;heure du th\u00e9<\/p>\n<p>Ingr\u00e9dients : farine de <strong>froment<\/strong>, sucre candi, huiles et graisses v\u00e9g\u00e9tales (palme, colza), sucre de canne brut, farine de <strong>soja<\/strong>, sucre inverti, poudre \u00e0 lever (acide de sodium), cannelle, muscade.<\/p>\n<p>Valeurs nutritionnelles moyennes pour 100g<\/p>\n<p>Energie : 1968kj\/468kcal<\/p>\n<p>Mati\u00e8res grasses : 16g dont acides gras satur\u00e9s : 7.1g<\/p>\n<p>Glucides : 73g dont sucres 37g<\/p>\n<p>Fibres : 2.4g<\/p>\n<p>Prot\u00e9ines : 5.9g<\/p>\n<p>Sel : 0.85g<\/p>\n","protected":false},"featured_media":7315,"comment_status":"closed","ping_status":"closed","template":"","meta":[],"product_cat":[194,170],"product_tag":[],"jetpack_publicize_connections":[],"_links":{"self":[{"href":"https:\/\/www.andreclaude.fr\/web\/index.php\/wp-json\/wp\/v2\/product\/6002"}],"collection":[{"href":"https:\/\/www.andreclaude.fr\/web\/index.php\/wp-json\/wp\/v2\/product"}],"about":[{"href":"https:\/\/www.andreclaude.fr\/web\/index.php\/wp-json\/wp\/v2\/types\/product"}],"replies":[{"embeddable":true,"href":"https:\/\/www.andreclaude.fr\/web\/index.php\/wp-json\/wp\/v2\/comments?post=6002"}],"wp:featuredmedia":[{"embeddable":true,"href":"https:\/\/www.andreclaude.fr\/web\/index.php\/wp-json\/wp\/v2\/media\/7315"}],"wp:attachment":[{"href":"https:\/\/www.andreclaude.fr\/web\/index.php\/wp-json\/wp\/v2\/media?parent=6002"}],"wp:term":[{"taxonomy":"product_cat","embeddable":true,"href":"https:\/\/www.andreclaude.fr\/web\/index.php\/wp-json\/wp\/v2\/product_cat?post=6002"},{"taxonomy":"product_tag","embeddable":true,"href":"https:\/\/www.andreclaude.fr\/web\/index.php\/wp-json\/wp\/v2\/product_tag?post=6002"}],"curies":[{"name":"wp","href":"https:\/\/api.w.org\/{rel}","templated":true}]}}