{"id":5996,"date":"2015-12-07T11:36:50","date_gmt":"2015-12-07T10:36:50","guid":{"rendered":"http:\/\/www.andreclaude.fr\/web\/index.php\/produit\/piment-espelette-poudre-le-pot\/"},"modified":"2022-01-27T11:51:48","modified_gmt":"2022-01-27T10:51:48","slug":"piment-espelette-poudre-le-pot","status":"publish","type":"product","link":"https:\/\/www.andreclaude.fr\/web\/index.php\/produit\/piment-espelette-poudre-le-pot\/","title":{"rendered":"Piment d&rsquo;espelette le pot"},"content":{"rendered":"<p>RAMUNTXO POCHELU<\/p>\n<p>Chemin de l&rsquo;\u00e9glise<\/p>\n<p>64250 ESPELETTE<\/p>\n","protected":false},"excerpt":{"rendered":"<p>Piment d&rsquo;espelette poudre le pot<\/p>\n<p>La poudre de piment d&rsquo;Espelette A.O.P de l&rsquo;Atelier du Piment a \u00e9t\u00e9 m\u00e9daill\u00e9e d&rsquo;OR aux concours g\u00e9n\u00e9ral agricole de Paris 2012 (Salon de l&rsquo;agriculture).Pot 50 g.La poudre de piment d&rsquo;Espelette A.O.P parfume et rel\u00e8ve d\u00e9licatement tous vos plats, v\u00e9ritable ingr\u00e9dient incontournable de la cuisine basque.<\/p>\n<p>Ingr\u00e9dients : poudre piment d&rsquo;Espelette AOP<\/p>\n<p>Valeurs nutritionnelles pour 100g :<\/p>\n<p>Energie : 1722kj \/ 409kcal<\/p>\n<p>Graisses : 12.9g dont acides<\/p>\n<p>Gras satur\u00e9s : 2.2 g Glucides\u00a0 60.5g dont sucres 2.1g Prot\u00e9ines 12.7g Sel 0.1g Fibres 36.2g<\/p>\n<p>&nbsp;<\/p>\n","protected":false},"featured_media":7244,"comment_status":"closed","ping_status":"closed","template":"","meta":[],"product_cat":[194,172],"product_tag":[],"jetpack_publicize_connections":[],"_links":{"self":[{"href":"https:\/\/www.andreclaude.fr\/web\/index.php\/wp-json\/wp\/v2\/product\/5996"}],"collection":[{"href":"https:\/\/www.andreclaude.fr\/web\/index.php\/wp-json\/wp\/v2\/product"}],"about":[{"href":"https:\/\/www.andreclaude.fr\/web\/index.php\/wp-json\/wp\/v2\/types\/product"}],"replies":[{"embeddable":true,"href":"https:\/\/www.andreclaude.fr\/web\/index.php\/wp-json\/wp\/v2\/comments?post=5996"}],"wp:featuredmedia":[{"embeddable":true,"href":"https:\/\/www.andreclaude.fr\/web\/index.php\/wp-json\/wp\/v2\/media\/7244"}],"wp:attachment":[{"href":"https:\/\/www.andreclaude.fr\/web\/index.php\/wp-json\/wp\/v2\/media?parent=5996"}],"wp:term":[{"taxonomy":"product_cat","embeddable":true,"href":"https:\/\/www.andreclaude.fr\/web\/index.php\/wp-json\/wp\/v2\/product_cat?post=5996"},{"taxonomy":"product_tag","embeddable":true,"href":"https:\/\/www.andreclaude.fr\/web\/index.php\/wp-json\/wp\/v2\/product_tag?post=5996"}],"curies":[{"name":"wp","href":"https:\/\/api.w.org\/{rel}","templated":true}]}}