{"id":5979,"date":"2015-12-07T11:36:45","date_gmt":"2015-12-07T10:36:45","guid":{"rendered":"http:\/\/www.andreclaude.fr\/web\/index.php\/produit\/creme-fraiche-artisanale-pot-de-1-kg\/"},"modified":"2023-12-16T11:44:37","modified_gmt":"2023-12-16T10:44:37","slug":"creme-fraiche-artisanale-pot-de-1-kg","status":"publish","type":"product","link":"https:\/\/www.andreclaude.fr\/web\/index.php\/produit\/creme-fraiche-artisanale-pot-de-1-kg\/","title":{"rendered":"Cr\u00e8me fra\u00eeche Artisanale &#8211; pot de 1 kg"},"content":{"rendered":"<p>Laiterie de Montoire sur Loir\u00a0 41 800 ( Loir et cher).<\/p>\n","protected":false},"excerpt":{"rendered":"<p>Le Petit Tr\u00f4o .\u00a0<span style=\"font-family: Arial,Helvetica,sans-serif;\">La cr\u00e8me est obtenue \u00e0 partir de l\u2019\u00e9cr\u00e9mage du lait frais, puis pasteuris\u00e9e. La maturation avec l\u2019apport de ferments lactiques lui procure son go\u00fbt g\u00e9n\u00e9reux et sa consistance \u00e9paisse. Fondante en bouche, avec sa belle robe ivoire, elle accompagne d\u00e9licieusement les pr\u00e9parations culinaires.<\/span><\/p>\n<p>Ingr\u00e9dients : cr\u00e8me issue de <strong>lait<\/strong> de vache collect\u00e9 en France.<\/p>\n<p>Valeurs nutritionnelles moyennes pour 100g<\/p>\n<p>Energie : 1333kj\/324kcal<\/p>\n<p>Mati\u00e8res grasses : 34g dont acides gras satur\u00e9s : 26g<\/p>\n<p>Glucides : 2.5g dont sucres 1.4g<\/p>\n<p>Prot\u00e9ines 2.5g<\/p>\n<p>Sel 0.06g<\/p>\n","protected":false},"featured_media":6981,"comment_status":"closed","ping_status":"closed","template":"","meta":[],"product_cat":[196,194,166],"product_tag":[],"jetpack_publicize_connections":[],"_links":{"self":[{"href":"https:\/\/www.andreclaude.fr\/web\/index.php\/wp-json\/wp\/v2\/product\/5979"}],"collection":[{"href":"https:\/\/www.andreclaude.fr\/web\/index.php\/wp-json\/wp\/v2\/product"}],"about":[{"href":"https:\/\/www.andreclaude.fr\/web\/index.php\/wp-json\/wp\/v2\/types\/product"}],"replies":[{"embeddable":true,"href":"https:\/\/www.andreclaude.fr\/web\/index.php\/wp-json\/wp\/v2\/comments?post=5979"}],"wp:featuredmedia":[{"embeddable":true,"href":"https:\/\/www.andreclaude.fr\/web\/index.php\/wp-json\/wp\/v2\/media\/6981"}],"wp:attachment":[{"href":"https:\/\/www.andreclaude.fr\/web\/index.php\/wp-json\/wp\/v2\/media?parent=5979"}],"wp:term":[{"taxonomy":"product_cat","embeddable":true,"href":"https:\/\/www.andreclaude.fr\/web\/index.php\/wp-json\/wp\/v2\/product_cat?post=5979"},{"taxonomy":"product_tag","embeddable":true,"href":"https:\/\/www.andreclaude.fr\/web\/index.php\/wp-json\/wp\/v2\/product_tag?post=5979"}],"curies":[{"name":"wp","href":"https:\/\/api.w.org\/{rel}","templated":true}]}}