{"id":5967,"date":"2015-12-07T11:36:37","date_gmt":"2015-12-07T10:36:37","guid":{"rendered":"http:\/\/www.andreclaude.fr\/web\/index.php\/produit\/bocaux-petit-poiscarotte\/"},"modified":"2022-01-28T08:54:58","modified_gmt":"2022-01-28T07:54:58","slug":"bocaux-petit-poiscarotte","status":"publish","type":"product","link":"https:\/\/www.andreclaude.fr\/web\/index.php\/produit\/bocaux-petit-poiscarotte\/","title":{"rendered":"Bocaux petit pois\/carottes le bocal de 660g"},"content":{"rendered":"","protected":false},"excerpt":{"rendered":"<p>Contenance : 72 cl<br \/>\nPoids net : 660 g<br \/>\nPoids net \u00e9goutt\u00e9 : 420 g<\/p>\n<p>CARACTERISTIQUES PRODUIT<br \/>\nIngr\u00e9dients : L\u00e9gumes en proportion variable (petits pois, carottes), eau, sucre, sel, ar\u00f4me naturel.<br \/>\nAllerg\u00e8nes :<br \/>\nTraces d&rsquo;allerg\u00e8nes possibles :<br \/>\nAllerg\u00e8nes pr\u00e9sents dans l&rsquo;atelier :<\/p>\n<p>Valeurs nutritionnelles pour 100 g de produit \u00e9goutt\u00e9 :<br \/>\nEnergie 237 kJ \/ 56 kcal<br \/>\nMati\u00e8res grasses 0,4 g<br \/>\ndont acides gras satur\u00e9s 0,1 g<br \/>\nGlucides 8,4 g<br \/>\nDont Sucres 3,2 g<br \/>\nFibres alimentaires 4 g<br \/>\nProt\u00e9ines 2,8 g<br \/>\nSel 0,59 g<br \/>\nMode d&#8217;emploi :<br \/>\nRecommandations :<br \/>\nContre indications :<br \/>\nStockage avant emploi : A conserver \u00e0 temp\u00e9rature<br \/>\nambiante, de pr\u00e9f\u00e9rence dans un endroit frais et sec et \u00e0<br \/>\nl&rsquo;abri de la lumi\u00e8re.<br \/>\nStockage apr\u00e8s ouverture : A conserver au<br \/>\nr\u00e9fr\u00e9girateur \u00e0 4\u00b0C maximum dans un r\u00e9cipient<br \/>\nalimentaire propre et ferm\u00e9, et consommer sous 48h.<br \/>\nDLUO \u00e0 fabrication : 1440 jour(s)<br \/>\nDLUO garantie : 360 jour(s)<\/p>\n<p>Origine : FRANCE<br \/>\nLieu de fabrication : 59173 RENESCURE<\/p>\n","protected":false},"featured_media":7839,"comment_status":"closed","ping_status":"closed","template":"","meta":[],"product_cat":[194,178],"product_tag":[],"jetpack_publicize_connections":[],"_links":{"self":[{"href":"https:\/\/www.andreclaude.fr\/web\/index.php\/wp-json\/wp\/v2\/product\/5967"}],"collection":[{"href":"https:\/\/www.andreclaude.fr\/web\/index.php\/wp-json\/wp\/v2\/product"}],"about":[{"href":"https:\/\/www.andreclaude.fr\/web\/index.php\/wp-json\/wp\/v2\/types\/product"}],"replies":[{"embeddable":true,"href":"https:\/\/www.andreclaude.fr\/web\/index.php\/wp-json\/wp\/v2\/comments?post=5967"}],"wp:featuredmedia":[{"embeddable":true,"href":"https:\/\/www.andreclaude.fr\/web\/index.php\/wp-json\/wp\/v2\/media\/7839"}],"wp:attachment":[{"href":"https:\/\/www.andreclaude.fr\/web\/index.php\/wp-json\/wp\/v2\/media?parent=5967"}],"wp:term":[{"taxonomy":"product_cat","embeddable":true,"href":"https:\/\/www.andreclaude.fr\/web\/index.php\/wp-json\/wp\/v2\/product_cat?post=5967"},{"taxonomy":"product_tag","embeddable":true,"href":"https:\/\/www.andreclaude.fr\/web\/index.php\/wp-json\/wp\/v2\/product_tag?post=5967"}],"curies":[{"name":"wp","href":"https:\/\/api.w.org\/{rel}","templated":true}]}}