{"id":5953,"date":"2015-12-07T11:36:37","date_gmt":"2015-12-07T10:36:37","guid":{"rendered":"http:\/\/www.andreclaude.fr\/web\/index.php\/produit\/pain-depices-le-paquet\/"},"modified":"2022-01-22T10:14:29","modified_gmt":"2022-01-22T09:14:29","slug":"pain-depices-le-paquet","status":"publish","type":"product","link":"https:\/\/www.andreclaude.fr\/web\/index.php\/produit\/pain-depices-le-paquet\/","title":{"rendered":"Pain d&rsquo;\u00e9pices au miel le paquet 500 grammes"},"content":{"rendered":"<p>Distribu\u00e9 par<\/p>\n<p>SDP RUNGIS<\/p>\n<p><span class=\"LrzXr\">8 Rue des Oliviers,<\/span><\/p>\n<p><span class=\"LrzXr\"> 94310 Orly<\/span><\/p>\n","protected":false},"excerpt":{"rendered":"<p>Pain d\u2019\u00e9pices au miel avec perle de sucre paquet de 500 grs. Go\u00fbtez ce pain d\u2019\u00e9pices et vous retrouverez les saveurs de votre enfance.<\/p>\n<p>Ingr\u00e9dients : sirop de glucose-fructose, farine de <strong>seigle<\/strong>, miel (15%), sucre perl\u00e9 11%, poudres \u00e0 lever (carbonate acide de sodium, disphosphate disodique), \u00e9pices et ar\u00f4mes. Peut contenir des traces de fruits \u00e0 coques et lait.<\/p>\n<p>Valeurs nutritionnelles moyennes pour 100g<\/p>\n<p>Energie : 1382kj\/326kcal<\/p>\n<p>Mati\u00e8res grasses : 0.9g dont acides gras satur\u00e9s : 0.2g<\/p>\n<p>Glucides : 75g dont sucres : 41g<\/p>\n<p>Fibres : 3.1g<\/p>\n<p>Prot\u00e9ines : 2.9g<\/p>\n<p>Sel : 0.45g<\/p>\n<p>&nbsp;<\/p>\n<p>&nbsp;<\/p>\n","protected":false},"featured_media":7312,"comment_status":"closed","ping_status":"closed","template":"","meta":[],"product_cat":[194,170],"product_tag":[],"jetpack_publicize_connections":[],"_links":{"self":[{"href":"https:\/\/www.andreclaude.fr\/web\/index.php\/wp-json\/wp\/v2\/product\/5953"}],"collection":[{"href":"https:\/\/www.andreclaude.fr\/web\/index.php\/wp-json\/wp\/v2\/product"}],"about":[{"href":"https:\/\/www.andreclaude.fr\/web\/index.php\/wp-json\/wp\/v2\/types\/product"}],"replies":[{"embeddable":true,"href":"https:\/\/www.andreclaude.fr\/web\/index.php\/wp-json\/wp\/v2\/comments?post=5953"}],"wp:featuredmedia":[{"embeddable":true,"href":"https:\/\/www.andreclaude.fr\/web\/index.php\/wp-json\/wp\/v2\/media\/7312"}],"wp:attachment":[{"href":"https:\/\/www.andreclaude.fr\/web\/index.php\/wp-json\/wp\/v2\/media?parent=5953"}],"wp:term":[{"taxonomy":"product_cat","embeddable":true,"href":"https:\/\/www.andreclaude.fr\/web\/index.php\/wp-json\/wp\/v2\/product_cat?post=5953"},{"taxonomy":"product_tag","embeddable":true,"href":"https:\/\/www.andreclaude.fr\/web\/index.php\/wp-json\/wp\/v2\/product_tag?post=5953"}],"curies":[{"name":"wp","href":"https:\/\/api.w.org\/{rel}","templated":true}]}}