{"id":5937,"date":"2015-12-07T11:36:23","date_gmt":"2015-12-07T10:36:23","guid":{"rendered":"http:\/\/www.andreclaude.fr\/web\/index.php\/produit\/biscuits-rose-le-sachet\/"},"modified":"2023-08-19T10:48:03","modified_gmt":"2023-08-19T09:48:03","slug":"biscuits-rose-le-sachet","status":"publish","type":"product","link":"https:\/\/www.andreclaude.fr\/web\/index.php\/produit\/biscuits-rose-le-sachet\/","title":{"rendered":"Reims Biscuits rose le sachet 175g"},"content":{"rendered":"<p>Biscuiterie FOSSIER<\/p>\n<p>20, Rue Maurice Pr\u00e9voteau<\/p>\n<p>51721 REIMS<\/p>\n","protected":false},"excerpt":{"rendered":"<p style=\"text-align: left;\">Poids net : 175g &#8211; 21 Biscuits Roses de Reims.C\u2019est l\u2019originalit\u00e9 de cette recette, inchang\u00e9e depuis plus de 300 ans, qui conf\u00e8re au Biscuit Rose la particularit\u00e9 de ne pas se d\u00e9liter quand il est tremp\u00e9 dans un verre de champagne.Pl\u00e9biscit\u00e9 autant par les grands chefs que par les amateurs de cuisine cr\u00e9ative, le Biscuit Rose se savoure aussi bien seul qu\u2019accompagn\u00e9, en ingr\u00e9dient, ou en d\u00e9coration de charlottes et autres g\u00e2teaux.<\/p>\n<p style=\"text-align: left;\">Maison Fossier<\/p>\n<p style=\"text-align: left;\">Ingr\u00e9dients : sucre, farine de <strong>bl\u00e9, oeufs, blanc d&rsquo;oeufs,<\/strong> colorant E120, poudre \u00e0 lever (carbonate acide d&rsquo;ammonium), ar\u00f4me naturel de vanille. Peut contenir des traces de <strong>soja<\/strong> et <strong>fruits \u00e0 coque<\/strong>.<\/p>\n<p style=\"text-align: left;\">Valeurs nutritionnelles moyennes pour 100g<\/p>\n<p style=\"text-align: left;\">Energie : 1663kj\/392kcal<\/p>\n<p style=\"text-align: left;\">Mati\u00e8res grasses : 3.4g dont acides gras satur\u00e9s : 1g<\/p>\n<p style=\"text-align: left;\">Glucides : 82g dont sucres 53g<\/p>\n<p style=\"text-align: left;\">Fibres : 1.5g<\/p>\n<p style=\"text-align: left;\">Prot\u00e9ines : 8.4g<\/p>\n<p style=\"text-align: left;\">Sel : 0.19g<\/p>\n<p style=\"text-align: left;\">\n","protected":false},"featured_media":7319,"comment_status":"closed","ping_status":"closed","template":"","meta":[],"product_cat":[194,170],"product_tag":[],"jetpack_publicize_connections":[],"_links":{"self":[{"href":"https:\/\/www.andreclaude.fr\/web\/index.php\/wp-json\/wp\/v2\/product\/5937"}],"collection":[{"href":"https:\/\/www.andreclaude.fr\/web\/index.php\/wp-json\/wp\/v2\/product"}],"about":[{"href":"https:\/\/www.andreclaude.fr\/web\/index.php\/wp-json\/wp\/v2\/types\/product"}],"replies":[{"embeddable":true,"href":"https:\/\/www.andreclaude.fr\/web\/index.php\/wp-json\/wp\/v2\/comments?post=5937"}],"wp:featuredmedia":[{"embeddable":true,"href":"https:\/\/www.andreclaude.fr\/web\/index.php\/wp-json\/wp\/v2\/media\/7319"}],"wp:attachment":[{"href":"https:\/\/www.andreclaude.fr\/web\/index.php\/wp-json\/wp\/v2\/media?parent=5937"}],"wp:term":[{"taxonomy":"product_cat","embeddable":true,"href":"https:\/\/www.andreclaude.fr\/web\/index.php\/wp-json\/wp\/v2\/product_cat?post=5937"},{"taxonomy":"product_tag","embeddable":true,"href":"https:\/\/www.andreclaude.fr\/web\/index.php\/wp-json\/wp\/v2\/product_tag?post=5937"}],"curies":[{"name":"wp","href":"https:\/\/api.w.org\/{rel}","templated":true}]}}