{"id":5936,"date":"2015-12-07T11:36:17","date_gmt":"2015-12-07T10:36:17","guid":{"rendered":"http:\/\/www.andreclaude.fr\/web\/index.php\/produit\/rocher-coco-nature-le-paquet\/"},"modified":"2022-01-22T10:19:06","modified_gmt":"2022-01-22T09:19:06","slug":"rocher-coco-nature-le-paquet","status":"publish","type":"product","link":"https:\/\/www.andreclaude.fr\/web\/index.php\/produit\/rocher-coco-nature-le-paquet\/","title":{"rendered":"Rocher noix de coco le paquet 200g"},"content":{"rendered":"<p>Distribu\u00e9 par<\/p>\n<p>SDP Rungis<\/p>\n<p>6 rue des oliviers<\/p>\n<p>94537 Orly<\/p>\n<p>&nbsp;<\/p>\n","protected":false},"excerpt":{"rendered":"<p>Contenance : 0 cl<br \/>\nPoids net : 200 g<br \/>\nPoids net \u00e9goutt\u00e9 : 0 g<\/p>\n<p>CARACTERISTIQUES PRODUIT<br \/>\nIngr\u00e9dients : coco r\u00e2p\u00e9 PH\/ID, sucre, sirop de glucose , chocolat noir [p\u00e2te de cacao, sucre, beurre de cacao, mati\u00e8re grasse laiti\u00e8re anhydre, \u00e9mulsifiant (l\u00e9cithine de soja E322),<br \/>\nblanc d&rsquo;oeuf, farine de froment, huile de tournesol , amidon de froment , eau stabilisants:<br \/>\nsorbitol E420, glyc\u00e9rol E422 ,ar\u00f4mes naturels<\/p>\n<p>Allerg\u00e8nes : Oeufs, soja, lait, gluten<br \/>\nTraces d&rsquo;allerg\u00e8nes possibles :<br \/>\nAllerg\u00e8nes pr\u00e9sents dans l&rsquo;atelier :<\/p>\n<p>Valeurs nutritionnelles pour 100 g de produit \u00e9goutt\u00e9<\/p>\n<p>Energie 1898 kJ \/ 455 kcal<br \/>\nMati\u00e8res grasses 25,1 g<br \/>\ndont acides gras satur\u00e9s 19,1 g<br \/>\nGlucides 50,5 g<br \/>\nDont Sucres 39 g<br \/>\nFibres alimentaires 5,7 g<br \/>\nProt\u00e9ines 4,5 g<br \/>\nSel 0,1 g<\/p>\n<p>Mode d&#8217;emploi :<br \/>\nRecommandations :<br \/>\nContre indications :<br \/>\nStockage avant emploi :<br \/>\nStockage apr\u00e8s ouverture : frais (&lt; 23\u00b0C), sec<br \/>\n(humidit\u00e9 relative max 75%) et endroit sans odeurs<\/p>\n<p>DLUO \u00e0 fabrication :<br \/>\nDLUO garantie : 0 jour(s)<\/p>\n<p>&nbsp;<\/p>\n","protected":false},"featured_media":6987,"comment_status":"closed","ping_status":"closed","template":"","meta":[],"product_cat":[194,170],"product_tag":[],"jetpack_publicize_connections":[],"_links":{"self":[{"href":"https:\/\/www.andreclaude.fr\/web\/index.php\/wp-json\/wp\/v2\/product\/5936"}],"collection":[{"href":"https:\/\/www.andreclaude.fr\/web\/index.php\/wp-json\/wp\/v2\/product"}],"about":[{"href":"https:\/\/www.andreclaude.fr\/web\/index.php\/wp-json\/wp\/v2\/types\/product"}],"replies":[{"embeddable":true,"href":"https:\/\/www.andreclaude.fr\/web\/index.php\/wp-json\/wp\/v2\/comments?post=5936"}],"wp:featuredmedia":[{"embeddable":true,"href":"https:\/\/www.andreclaude.fr\/web\/index.php\/wp-json\/wp\/v2\/media\/6987"}],"wp:attachment":[{"href":"https:\/\/www.andreclaude.fr\/web\/index.php\/wp-json\/wp\/v2\/media?parent=5936"}],"wp:term":[{"taxonomy":"product_cat","embeddable":true,"href":"https:\/\/www.andreclaude.fr\/web\/index.php\/wp-json\/wp\/v2\/product_cat?post=5936"},{"taxonomy":"product_tag","embeddable":true,"href":"https:\/\/www.andreclaude.fr\/web\/index.php\/wp-json\/wp\/v2\/product_tag?post=5936"}],"curies":[{"name":"wp","href":"https:\/\/api.w.org\/{rel}","templated":true}]}}