{"id":5909,"date":"2015-12-07T11:36:10","date_gmt":"2015-12-07T10:36:10","guid":{"rendered":"http:\/\/www.andreclaude.fr\/web\/index.php\/produit\/sauce-tomate-grand-mere\/"},"modified":"2022-01-28T08:55:37","modified_gmt":"2022-01-28T07:55:37","slug":"sauce-tomate-grand-mere","status":"publish","type":"product","link":"https:\/\/www.andreclaude.fr\/web\/index.php\/produit\/sauce-tomate-grand-mere\/","title":{"rendered":"Sauce Tomate Grand M\u00e8re le pot de 350g"},"content":{"rendered":"","protected":false},"excerpt":{"rendered":"<p><span class=\"vert_feuille\">Id\u00e9ale pour accompagner vos plats de p\u00e2tes, de riz,poissons, ou encore pour vous assurer la r\u00e9ussite de vos sauces tomates ! \u00a0 <\/span><\/p>\n<p>CARACTERISTIQUES PRODUIT<br \/>\nIngr\u00e9dients : Tomates 90%, l\u00e9gumes en proportions variables 7% ( oignon, carotte, c\u00e9leri), huile de tournesol, sel,<br \/>\nr\u00e9gulateur d&rsquo;acidit\u00e9 : acide citrique.<br \/>\nAllerg\u00e8nes :<br \/>\nTraces d&rsquo;allerg\u00e8nes possibles : <strong>Lait, soja, fruits \u00e0 coques, poissons, mollusques<\/strong><br \/>\nAllerg\u00e8nes pr\u00e9sents dans l&rsquo;atelier :<br \/>\nValeurs nutritionnelles pour 100 g de produit \u00e9goutt\u00e9<\/p>\n<p>Energie 191 kJ \/ 46 kcal<br \/>\nMati\u00e8res grasses 1,9 g<br \/>\ndont acides gras satur\u00e9s 0,3 g<br \/>\nGlucides 4 g<br \/>\nDont Sucres 3,6 g<br \/>\nProt\u00e9ines 1,8 g<br \/>\nSel 0,7 g<br \/>\nMode d&#8217;emploi : r\u00e9chauffer \u00e0 feu doux dans une casserole<\/p>\n<p>Recommandations :<br \/>\nContre indications :<br \/>\nStockage avant emploi : dans un endroit frais et sec.<br \/>\nStockage apr\u00e8s ouverture : \u00e0 conserver au<br \/>\nr\u00e9frig\u00e9rateur et consommer sous 48h<br \/>\nDLUO \u00e0 fabrication : 1440 jour(s)<br \/>\nDLUO garantie : 360 jour(s)<\/p>\n<p>Origine : ITALIE<br \/>\nLieu de fabrication : RAVARINO (MODANO)<\/p>\n","protected":false},"featured_media":7846,"comment_status":"closed","ping_status":"closed","template":"","meta":[],"product_cat":[194,178],"product_tag":[],"jetpack_publicize_connections":[],"_links":{"self":[{"href":"https:\/\/www.andreclaude.fr\/web\/index.php\/wp-json\/wp\/v2\/product\/5909"}],"collection":[{"href":"https:\/\/www.andreclaude.fr\/web\/index.php\/wp-json\/wp\/v2\/product"}],"about":[{"href":"https:\/\/www.andreclaude.fr\/web\/index.php\/wp-json\/wp\/v2\/types\/product"}],"replies":[{"embeddable":true,"href":"https:\/\/www.andreclaude.fr\/web\/index.php\/wp-json\/wp\/v2\/comments?post=5909"}],"wp:featuredmedia":[{"embeddable":true,"href":"https:\/\/www.andreclaude.fr\/web\/index.php\/wp-json\/wp\/v2\/media\/7846"}],"wp:attachment":[{"href":"https:\/\/www.andreclaude.fr\/web\/index.php\/wp-json\/wp\/v2\/media?parent=5909"}],"wp:term":[{"taxonomy":"product_cat","embeddable":true,"href":"https:\/\/www.andreclaude.fr\/web\/index.php\/wp-json\/wp\/v2\/product_cat?post=5909"},{"taxonomy":"product_tag","embeddable":true,"href":"https:\/\/www.andreclaude.fr\/web\/index.php\/wp-json\/wp\/v2\/product_tag?post=5909"}],"curies":[{"name":"wp","href":"https:\/\/api.w.org\/{rel}","templated":true}]}}