{"id":5907,"date":"2015-12-07T11:36:10","date_gmt":"2015-12-07T10:36:10","guid":{"rendered":"http:\/\/www.andreclaude.fr\/web\/index.php\/produit\/palet-breton-le-paquet\/"},"modified":"2024-08-24T09:38:23","modified_gmt":"2024-08-24T08:38:23","slug":"palet-breton-le-paquet","status":"publish","type":"product","link":"https:\/\/www.andreclaude.fr\/web\/index.php\/produit\/palet-breton-le-paquet\/","title":{"rendered":"Palet Breton le paquet de 150 grs"},"content":{"rendered":"<p>Distribu\u00e9 par<\/p>\n<p>SDP RUNGIS<\/p>\n<p>6 rue des oliviers<\/p>\n<p>94437 ORLY<\/p>\n","protected":false},"excerpt":{"rendered":"<p>Toutes les saveurs de la Bretagne dans un biscuit au combien traditionnel, craquez pour le v\u00e9ritable palet breton pur beurre !<\/p>\n<p>Ingr\u00e9dients : farine de <strong>froment (bl\u00e9), beurre (lait)<\/strong> concentr\u00e9 24.5%, sucre, <strong>oeufs<\/strong>, poudre de <strong>lait<\/strong>, sel de Gu\u00e9rande (IGP), poudre \u00e0 lever (bicarbonate d&rsquo;ammonium et bicarbonate de sodium)<\/p>\n<p>Fabriqu\u00e9 dans un atelier qui utilise des fruits \u00e0 coques , de soja, de s\u00e9same<\/p>\n<p>Valeurs nutritionnelles moyennes pour 100g<\/p>\n<p>Energie : 2033kj\/488kcal<\/p>\n<p>Mati\u00e8res grasses : 21.6g dont acides gras satur\u00e9s : 14.1g<\/p>\n<p>Glucides : 68g dont sucre 28.8g<\/p>\n<p>Fibres : 1.3g<\/p>\n<p>Prot\u00e9ines : 6.1g<\/p>\n<p>Sel : 0.7g<\/p>\n","protected":false},"featured_media":7313,"comment_status":"closed","ping_status":"closed","template":"","meta":[],"product_cat":[194,170],"product_tag":[],"jetpack_publicize_connections":[],"_links":{"self":[{"href":"https:\/\/www.andreclaude.fr\/web\/index.php\/wp-json\/wp\/v2\/product\/5907"}],"collection":[{"href":"https:\/\/www.andreclaude.fr\/web\/index.php\/wp-json\/wp\/v2\/product"}],"about":[{"href":"https:\/\/www.andreclaude.fr\/web\/index.php\/wp-json\/wp\/v2\/types\/product"}],"replies":[{"embeddable":true,"href":"https:\/\/www.andreclaude.fr\/web\/index.php\/wp-json\/wp\/v2\/comments?post=5907"}],"wp:featuredmedia":[{"embeddable":true,"href":"https:\/\/www.andreclaude.fr\/web\/index.php\/wp-json\/wp\/v2\/media\/7313"}],"wp:attachment":[{"href":"https:\/\/www.andreclaude.fr\/web\/index.php\/wp-json\/wp\/v2\/media?parent=5907"}],"wp:term":[{"taxonomy":"product_cat","embeddable":true,"href":"https:\/\/www.andreclaude.fr\/web\/index.php\/wp-json\/wp\/v2\/product_cat?post=5907"},{"taxonomy":"product_tag","embeddable":true,"href":"https:\/\/www.andreclaude.fr\/web\/index.php\/wp-json\/wp\/v2\/product_tag?post=5907"}],"curies":[{"name":"wp","href":"https:\/\/api.w.org\/{rel}","templated":true}]}}