{"id":5877,"date":"2015-12-07T11:36:00","date_gmt":"2015-12-07T10:36:00","guid":{"rendered":"http:\/\/www.andreclaude.fr\/web\/index.php\/produit\/morgon-2012\/"},"modified":"2024-12-30T08:50:52","modified_gmt":"2024-12-30T07:50:52","slug":"morgon-2012","status":"publish","type":"product","link":"https:\/\/www.andreclaude.fr\/web\/index.php\/produit\/morgon-2012\/","title":{"rendered":"Morgon Domaine Dufour 75 cl 2022"},"content":{"rendered":"","protected":false},"excerpt":{"rendered":"<p class=\"Corpsdetexte21\">La famille Dufour\u00a0 pratique la profession depuis la fin du XIX \u00e8me si\u00e8cle. Elle est rest\u00e9e depuis le d\u00e9but dans la r\u00e9gion Beaujolaise.\u00a0 Aujourd\u2019hui elle exerce son activit\u00e9 sur la commune de R\u00e9gni\u00e9 Durette \u00a0en plein c\u0153ur des 10 crus du Beaujolais.<\/p>\n<p>Belle intensit\u00e9 aromatique. Franc et net en bouche.<\/p>\n<p>Alcool 13 % Contient des sulfites.<\/p>\n<p><span class=\"noTrad\">Domaine Dufour 69430 R\u00e9gni\u00e9-Durette<\/span><\/p>\n<p>La consommation de boissons alcoolis\u00e9es pendant la grossesse, m\u00eame en faible quantit\u00e9, peut avoir des cons\u00e9quences graves sur la sant\u00e9 de l\u2019enfant.<\/p>\n<p>LA VENTE D ALCOOL EST INTERDITE AUX MINEURS.<\/p>\n<p>L ABUS D ALCOOL EST DANGEREUX POUR LA SANTE. A CONSOMMER AVEC MODERATION.<\/p>\n","protected":false},"featured_media":14660,"comment_status":"closed","ping_status":"closed","template":"","meta":[],"product_cat":[194,156],"product_tag":[],"jetpack_publicize_connections":[],"_links":{"self":[{"href":"https:\/\/www.andreclaude.fr\/web\/index.php\/wp-json\/wp\/v2\/product\/5877"}],"collection":[{"href":"https:\/\/www.andreclaude.fr\/web\/index.php\/wp-json\/wp\/v2\/product"}],"about":[{"href":"https:\/\/www.andreclaude.fr\/web\/index.php\/wp-json\/wp\/v2\/types\/product"}],"replies":[{"embeddable":true,"href":"https:\/\/www.andreclaude.fr\/web\/index.php\/wp-json\/wp\/v2\/comments?post=5877"}],"wp:featuredmedia":[{"embeddable":true,"href":"https:\/\/www.andreclaude.fr\/web\/index.php\/wp-json\/wp\/v2\/media\/14660"}],"wp:attachment":[{"href":"https:\/\/www.andreclaude.fr\/web\/index.php\/wp-json\/wp\/v2\/media?parent=5877"}],"wp:term":[{"taxonomy":"product_cat","embeddable":true,"href":"https:\/\/www.andreclaude.fr\/web\/index.php\/wp-json\/wp\/v2\/product_cat?post=5877"},{"taxonomy":"product_tag","embeddable":true,"href":"https:\/\/www.andreclaude.fr\/web\/index.php\/wp-json\/wp\/v2\/product_tag?post=5877"}],"curies":[{"name":"wp","href":"https:\/\/api.w.org\/{rel}","templated":true}]}}