{"id":5867,"date":"2015-12-07T11:36:00","date_gmt":"2015-12-07T10:36:00","guid":{"rendered":"http:\/\/www.andreclaude.fr\/web\/index.php\/produit\/chateau-batailley-grand-cru-classe-pauillac-150-cl-2005\/"},"modified":"2018-10-10T17:37:50","modified_gmt":"2018-10-10T16:37:50","slug":"chateau-batailley-grand-cru-classe-pauillac-150-cl-2005","status":"publish","type":"product","link":"https:\/\/www.andreclaude.fr\/web\/index.php\/produit\/chateau-batailley-grand-cru-classe-pauillac-150-cl-2005\/","title":{"rendered":"Ch\u00e2teau Batailley Pauillac 150cl 2003"},"content":{"rendered":"","protected":false},"excerpt":{"rendered":"<p class=\"csc-firstHeader\">Grand Cru Class\u00e9 AOC Pauillac. Ch\u00e2teau Batailley, 5\u00e8me Grand Cru Class\u00e9 en 1855, est un des joyaux de la famille Cast\u00e9ja et de Borie-Manoux. Batailley est un Pauillac classique, avec une couleur rubis fonc\u00e9, bien charpent\u00e9 et des notes prononc\u00e9es de cassis.<\/p>\n<div id=\"tab-description\" class=\"woocommerce-Tabs-panel woocommerce-Tabs-panel--description panel entry-content wc-tab\">\n<p class=\" text-justify\">Alcool 13,5 % Contient des sulfites.<\/p>\n<p class=\" text-justify\">La consommation de boissons alcoolis\u00e9es pendant la grossesse, m\u00eame en faible quantit\u00e9, peut avoir des cons\u00e9quences graves sur la sant\u00e9 de l\u2019enfant.<\/p>\n<p class=\" text-justify\">L ABUS D ALCOOL EST DANGEREUX POUR LA SANTE. A CONSOMMER AVEC MODERATION.<\/p>\n<p class=\" text-justify\">LA VENTE D ALCOOL EST INTERDITE AUX MINEURS.<\/p>\n<p>Casteja Pauillac France<\/p>\n<\/div>\n","protected":false},"featured_media":7186,"comment_status":"closed","ping_status":"closed","template":"","meta":[],"product_cat":[194,157],"product_tag":[],"jetpack_publicize_connections":[],"_links":{"self":[{"href":"https:\/\/www.andreclaude.fr\/web\/index.php\/wp-json\/wp\/v2\/product\/5867"}],"collection":[{"href":"https:\/\/www.andreclaude.fr\/web\/index.php\/wp-json\/wp\/v2\/product"}],"about":[{"href":"https:\/\/www.andreclaude.fr\/web\/index.php\/wp-json\/wp\/v2\/types\/product"}],"replies":[{"embeddable":true,"href":"https:\/\/www.andreclaude.fr\/web\/index.php\/wp-json\/wp\/v2\/comments?post=5867"}],"wp:featuredmedia":[{"embeddable":true,"href":"https:\/\/www.andreclaude.fr\/web\/index.php\/wp-json\/wp\/v2\/media\/7186"}],"wp:attachment":[{"href":"https:\/\/www.andreclaude.fr\/web\/index.php\/wp-json\/wp\/v2\/media?parent=5867"}],"wp:term":[{"taxonomy":"product_cat","embeddable":true,"href":"https:\/\/www.andreclaude.fr\/web\/index.php\/wp-json\/wp\/v2\/product_cat?post=5867"},{"taxonomy":"product_tag","embeddable":true,"href":"https:\/\/www.andreclaude.fr\/web\/index.php\/wp-json\/wp\/v2\/product_tag?post=5867"}],"curies":[{"name":"wp","href":"https:\/\/api.w.org\/{rel}","templated":true}]}}