{"id":5843,"date":"2015-12-07T11:35:54","date_gmt":"2015-12-07T10:35:54","guid":{"rendered":"http:\/\/www.andreclaude.fr\/web\/index.php\/produit\/domaine-pellehaut-blanc-2012\/"},"modified":"2024-12-30T08:50:18","modified_gmt":"2024-12-30T07:50:18","slug":"domaine-pellehaut-blanc-2012","status":"publish","type":"product","link":"https:\/\/www.andreclaude.fr\/web\/index.php\/produit\/domaine-pellehaut-blanc-2012\/","title":{"rendered":"Domaine Pellehaut Blanc Harmonie 75 cl 2023"},"content":{"rendered":"","protected":false},"excerpt":{"rendered":"<p>42 \u20ac le carton de 6 bouteilles soit 7 \u20ac la bouteille<\/p>\n<p>&nbsp;<\/p>\n<p>DEGUSTATION<\/p>\n<p>La robe est l\u00e9g\u00e8re et limpide. Le nez r\u00e9v\u00e8le une grande intensit\u00e9 aromatique. Les notes exotiques s\u2019enchainent avec les senteurs florales. Partez \u00e0 la d\u00e9couverte de ce jardin de fruitiers en fleur. En bouche, les saveurs s\u2019\u00e9quilibrent entre une attaque fra\u00eeche et une longue finale fruit\u00e9e. Reprenez le verre vide, retrouvez la persistance et l\u2019intensit\u00e9 de ces ar\u00f4mes ! Un accord toujours parfait avec les produits de la mer : id\u00e9al avec coquillages et saumon fum\u00e9.<\/p>\n<p class=\" text-justify\">Alcool 11 % Contient des sulfites.<\/p>\n<p class=\" text-justify\">La consommation de boissons alcoolis\u00e9es pendant la grossesse, m\u00eame en faible quantit\u00e9, peut avoir des cons\u00e9quences graves sur la sant\u00e9 de l\u2019enfant.<\/p>\n<p class=\" text-justify\">L ABUS D ALCOOL EST DANGEREUX POUR LA SANTE. A CONSOMMER AVEC MODERATION.<\/p>\n<p class=\" text-justify\">LA VENTE D ALCOOL EST INTERDITE AUX MINEURS.<\/p>\n<p>Famille B\u00e9raut 32250 Montr\u00e9al Du Gers<\/p>\n","protected":false},"featured_media":14645,"comment_status":"closed","ping_status":"closed","template":"","meta":[],"product_cat":[194,162],"product_tag":[],"jetpack_publicize_connections":[],"_links":{"self":[{"href":"https:\/\/www.andreclaude.fr\/web\/index.php\/wp-json\/wp\/v2\/product\/5843"}],"collection":[{"href":"https:\/\/www.andreclaude.fr\/web\/index.php\/wp-json\/wp\/v2\/product"}],"about":[{"href":"https:\/\/www.andreclaude.fr\/web\/index.php\/wp-json\/wp\/v2\/types\/product"}],"replies":[{"embeddable":true,"href":"https:\/\/www.andreclaude.fr\/web\/index.php\/wp-json\/wp\/v2\/comments?post=5843"}],"wp:featuredmedia":[{"embeddable":true,"href":"https:\/\/www.andreclaude.fr\/web\/index.php\/wp-json\/wp\/v2\/media\/14645"}],"wp:attachment":[{"href":"https:\/\/www.andreclaude.fr\/web\/index.php\/wp-json\/wp\/v2\/media?parent=5843"}],"wp:term":[{"taxonomy":"product_cat","embeddable":true,"href":"https:\/\/www.andreclaude.fr\/web\/index.php\/wp-json\/wp\/v2\/product_cat?post=5843"},{"taxonomy":"product_tag","embeddable":true,"href":"https:\/\/www.andreclaude.fr\/web\/index.php\/wp-json\/wp\/v2\/product_tag?post=5843"}],"curies":[{"name":"wp","href":"https:\/\/api.w.org\/{rel}","templated":true}]}}