{"id":5841,"date":"2015-12-07T11:35:48","date_gmt":"2015-12-07T10:35:48","guid":{"rendered":"http:\/\/www.andreclaude.fr\/web\/index.php\/produit\/saint-pourcain-rose-2012\/"},"modified":"2023-09-16T08:18:36","modified_gmt":"2023-09-16T07:18:36","slug":"saint-pourcain-rose-2012","status":"publish","type":"product","link":"https:\/\/www.andreclaude.fr\/web\/index.php\/produit\/saint-pourcain-rose-2012\/","title":{"rendered":"Saint Pour\u00e7ain Ros\u00e9 R\u00e9serve Sp\u00e9ciale 75 cl 2021"},"content":{"rendered":"","protected":false},"excerpt":{"rendered":"<p>42 \u20ac\u00a0 le carton de 6 bouteilles soit 7 \u20ac la bouteille<\/p>\n<p>SAINT-POUR\u00c7AIN  A.O.C. Mis en bouteille \u00e0 la propri\u00e9t\u00e9<br \/>\nApp\u00e9tissante robe rose \u00e0 reflets saumon. Ce ros\u00e9 de pressurage direct exprime des ar\u00f4mes de bonbon anglais, de peau de poire, de kirsch et de fruits rouges. C\u2019est un vin tr\u00e8s agr\u00e9able, l\u00e9ger et fruit\u00e9, avec une sympathique fra\u00eecheur, agr\u00e9ment\u00e9e d\u2019une certaine longueur.<br \/>\nC\u00e9page : 100 % Gamay Terroirs : Sols siliceux et granitiques. Age des vignes : 20 \u00e0 40 ans.<br \/>\nServir \u00e0 8\u00b0C, rafra\u00eechi dans un seau \u00e0 glace.<\/p>\n<p class=\" text-justify\">Alcool 13 % Contient des sulfites.<\/p>\n<p class=\" text-justify\">UDVDSP Saint Pour\u00e7ain SUR Sioul Allier<\/p>\n<p class=\" text-justify\">La consommation de boissons alcoolis\u00e9es pendant la grossesse, m\u00eame en faible quantit\u00e9, peut avoir des cons\u00e9quences graves sur la sant\u00e9 de l\u2019enfant.<\/p>\n<p class=\" text-justify\">L ABUS D ALCOOL EST DANGEREUX POUR LA SANTE. A CONSOMMER AVEC MODERATION.<\/p>\n<p class=\" text-justify\">LA VENTE D ALCOOL EST INTERDITE AUX MINEURS.<\/p>\n","protected":false},"featured_media":20704,"comment_status":"closed","ping_status":"closed","template":"","meta":[],"product_cat":[194,162],"product_tag":[],"jetpack_publicize_connections":[],"_links":{"self":[{"href":"https:\/\/www.andreclaude.fr\/web\/index.php\/wp-json\/wp\/v2\/product\/5841"}],"collection":[{"href":"https:\/\/www.andreclaude.fr\/web\/index.php\/wp-json\/wp\/v2\/product"}],"about":[{"href":"https:\/\/www.andreclaude.fr\/web\/index.php\/wp-json\/wp\/v2\/types\/product"}],"replies":[{"embeddable":true,"href":"https:\/\/www.andreclaude.fr\/web\/index.php\/wp-json\/wp\/v2\/comments?post=5841"}],"wp:featuredmedia":[{"embeddable":true,"href":"https:\/\/www.andreclaude.fr\/web\/index.php\/wp-json\/wp\/v2\/media\/20704"}],"wp:attachment":[{"href":"https:\/\/www.andreclaude.fr\/web\/index.php\/wp-json\/wp\/v2\/media?parent=5841"}],"wp:term":[{"taxonomy":"product_cat","embeddable":true,"href":"https:\/\/www.andreclaude.fr\/web\/index.php\/wp-json\/wp\/v2\/product_cat?post=5841"},{"taxonomy":"product_tag","embeddable":true,"href":"https:\/\/www.andreclaude.fr\/web\/index.php\/wp-json\/wp\/v2\/product_tag?post=5841"}],"curies":[{"name":"wp","href":"https:\/\/api.w.org\/{rel}","templated":true}]}}