{"id":5835,"date":"2015-12-07T11:35:48","date_gmt":"2015-12-07T10:35:48","guid":{"rendered":"http:\/\/www.andreclaude.fr\/web\/index.php\/produit\/wasabi-barq-150-g\/"},"modified":"2022-01-28T09:04:38","modified_gmt":"2022-01-28T08:04:38","slug":"wasabi-barq-150-g","status":"publish","type":"product","link":"https:\/\/www.andreclaude.fr\/web\/index.php\/produit\/wasabi-barq-150-g\/","title":{"rendered":"Wasabi barquette 200 g environ soit 9.95\u20ac le Kg"},"content":{"rendered":"<p>Distribu\u00e9 par<\/p>\n<p>Agidra<\/p>\n<p>BP 156<\/p>\n<p>69801 SAINT PRIEST<\/p>\n","protected":false},"excerpt":{"rendered":"<p>Une arachide enrob\u00e9 d&rsquo;une p\u00e2te croustillante et de wasabi, un produit relev\u00e9 et croustillant.<\/p>\n<p>Conditionn\u00e9 en barquette refermable \u00e0 volont\u00e9 pour garder toute sa saveur.<\/p>\n<p>Ingr\u00e9dients : Arachide 37%, amidon de ma\u00efs, farine de <strong>bl\u00e9<\/strong>, sucre, huile de palme, sel, poudre de wasabi 0.3% (contient <strong>moutarde<\/strong>), colorant: E140.<\/p>\n<p>Traces possibles de fruits \u00e0 coque, de s\u00e9same et de sulfites.<\/p>\n<p>Origine: Import.<\/p>\n<p>Valeurs nutritionnelles moyennes pour 100g<\/p>\n<p>Energie 1962kJ \/ 468kcal<br \/>\nGraisses 21.4g dont acides gras satur\u00e9s 6.8g<br \/>\nGlucides 51.6g dont sucres 9.7g<br \/>\nProt\u00e9ines 11.4g<br \/>\nSel 0.96g<\/p>\n<p>&nbsp;<\/p>\n","protected":false},"featured_media":7075,"comment_status":"closed","ping_status":"closed","template":"","meta":[],"product_cat":[194,152],"product_tag":[],"jetpack_publicize_connections":[],"_links":{"self":[{"href":"https:\/\/www.andreclaude.fr\/web\/index.php\/wp-json\/wp\/v2\/product\/5835"}],"collection":[{"href":"https:\/\/www.andreclaude.fr\/web\/index.php\/wp-json\/wp\/v2\/product"}],"about":[{"href":"https:\/\/www.andreclaude.fr\/web\/index.php\/wp-json\/wp\/v2\/types\/product"}],"replies":[{"embeddable":true,"href":"https:\/\/www.andreclaude.fr\/web\/index.php\/wp-json\/wp\/v2\/comments?post=5835"}],"wp:featuredmedia":[{"embeddable":true,"href":"https:\/\/www.andreclaude.fr\/web\/index.php\/wp-json\/wp\/v2\/media\/7075"}],"wp:attachment":[{"href":"https:\/\/www.andreclaude.fr\/web\/index.php\/wp-json\/wp\/v2\/media?parent=5835"}],"wp:term":[{"taxonomy":"product_cat","embeddable":true,"href":"https:\/\/www.andreclaude.fr\/web\/index.php\/wp-json\/wp\/v2\/product_cat?post=5835"},{"taxonomy":"product_tag","embeddable":true,"href":"https:\/\/www.andreclaude.fr\/web\/index.php\/wp-json\/wp\/v2\/product_tag?post=5835"}],"curies":[{"name":"wp","href":"https:\/\/api.w.org\/{rel}","templated":true}]}}