{"id":5833,"date":"2015-12-07T11:35:48","date_gmt":"2015-12-07T10:35:48","guid":{"rendered":"http:\/\/www.andreclaude.fr\/web\/index.php\/produit\/melange-japonais-barq-150g\/"},"modified":"2022-02-22T10:03:53","modified_gmt":"2022-02-22T09:03:53","slug":"melange-japonais-barq-150g","status":"publish","type":"product","link":"https:\/\/www.andreclaude.fr\/web\/index.php\/produit\/melange-japonais-barq-150g\/","title":{"rendered":"M\u00e9lange Japonais barquette 150 g environ"},"content":{"rendered":"<p>Distribu\u00e9 par<\/p>\n<p>Agidra<\/p>\n<p>BP 156<\/p>\n<p>69801 SAINT PRIEST<\/p>\n","protected":false},"excerpt":{"rendered":"<p>C\u2019est un joyeux m\u00e9lange de saveurs qui vont du sal\u00e9 au l\u00e9g\u00e8rement sucr\u00e9. Les petites boules renferment en g\u00e9n\u00e9ral une cacahu\u00e8te dans leur coque color\u00e9e et douce. Les petits biscuits sont d\u00e9licatement \u00e9pic\u00e9s et sal\u00e9s. Ce m\u00e9lange ne pique pas.<\/p>\n<p>Conditionn\u00e9 en barquette refermable \u00e0 volont\u00e9 pour garder toute sa saveur.<\/p>\n<p>Ingr\u00e9dients : riz 54%, amidon de tapioca, arachides 9%, sauce soja, farine de bl\u00e9, sucre, graine de s\u00e9same, maltodextrine de ma\u00efs, algues s\u00e9ch\u00e9es, piment en poudre, colorants : E140-E100-E160c-E162-E150a.<br \/>\nTraces possibles de fruits \u00e0 coque et de sulfites.<br \/>\nOrigine : import. Conditionn\u00e9 en France.<\/p>\n<p>Valeur \u00e9nerg\u00e9tiques et nutritionnelles moyennes pour 100 g<br \/>\nEnergie : 1688 Kj \/ 399 Kcal<br \/>\nMati\u00e8res grasse :6.9 g dont acides gras satur\u00e9s : 1.5 g<br \/>\nGlucides : 73.3 g dont sucres :2.6 g<br \/>\nProt\u00e9ines :10.1 g et Sel : 0.85 g<\/p>\n","protected":false},"featured_media":7069,"comment_status":"closed","ping_status":"closed","template":"","meta":[],"product_cat":[194,152],"product_tag":[],"jetpack_publicize_connections":[],"_links":{"self":[{"href":"https:\/\/www.andreclaude.fr\/web\/index.php\/wp-json\/wp\/v2\/product\/5833"}],"collection":[{"href":"https:\/\/www.andreclaude.fr\/web\/index.php\/wp-json\/wp\/v2\/product"}],"about":[{"href":"https:\/\/www.andreclaude.fr\/web\/index.php\/wp-json\/wp\/v2\/types\/product"}],"replies":[{"embeddable":true,"href":"https:\/\/www.andreclaude.fr\/web\/index.php\/wp-json\/wp\/v2\/comments?post=5833"}],"wp:featuredmedia":[{"embeddable":true,"href":"https:\/\/www.andreclaude.fr\/web\/index.php\/wp-json\/wp\/v2\/media\/7069"}],"wp:attachment":[{"href":"https:\/\/www.andreclaude.fr\/web\/index.php\/wp-json\/wp\/v2\/media?parent=5833"}],"wp:term":[{"taxonomy":"product_cat","embeddable":true,"href":"https:\/\/www.andreclaude.fr\/web\/index.php\/wp-json\/wp\/v2\/product_cat?post=5833"},{"taxonomy":"product_tag","embeddable":true,"href":"https:\/\/www.andreclaude.fr\/web\/index.php\/wp-json\/wp\/v2\/product_tag?post=5833"}],"curies":[{"name":"wp","href":"https:\/\/api.w.org\/{rel}","templated":true}]}}