{"id":5828,"date":"2015-12-07T11:35:48","date_gmt":"2015-12-07T10:35:48","guid":{"rendered":"http:\/\/www.andreclaude.fr\/web\/index.php\/produit\/riz-long-jaune-le-kilo\/"},"modified":"2022-01-25T10:42:38","modified_gmt":"2022-01-25T09:42:38","slug":"riz-long-jaune-le-kilo","status":"publish","type":"product","link":"https:\/\/www.andreclaude.fr\/web\/index.php\/produit\/riz-long-jaune-le-kilo\/","title":{"rendered":"Riz long Italie barquette env 400grs"},"content":{"rendered":"<p>Origine : Cambodge<\/p>\n","protected":false},"excerpt":{"rendered":"<p>Les riz longs<b> :<\/b>ils ne collent pas. Ils sont g\u00e9n\u00e9ralement cuits \u00e0 l&rsquo;eau (cuisson cr\u00e9ole) et servis \u00ab nature \u00bb, en accompagnement de plats en sauce comme la blanquette de veau. Ils s&rsquo;int\u00e8grent \u00e9galement dans les salades froides.<\/p>\n<p>Ingr\u00e9dients : riz long \u00e9tuv\u00e9 Indica<br \/>\nValeurs \u00e9nerg\u00e9tiques et nutritionnelles moyennes pour 100 g:<br \/>\nEnergie : 1493kj\/355kcal<br \/>\nMati\u00e8res grasses : 0.78g dont acides gras satur\u00e9s : 0.22g<br \/>\nGlucides : 79.3g dont sucres : 0.42g<br \/>\nProt\u00e9ines :7g<br \/>\nSel : 0.005g<\/p>\n","protected":false},"featured_media":5829,"comment_status":"closed","ping_status":"closed","template":"","meta":[],"product_cat":[194,150],"product_tag":[],"jetpack_publicize_connections":[],"_links":{"self":[{"href":"https:\/\/www.andreclaude.fr\/web\/index.php\/wp-json\/wp\/v2\/product\/5828"}],"collection":[{"href":"https:\/\/www.andreclaude.fr\/web\/index.php\/wp-json\/wp\/v2\/product"}],"about":[{"href":"https:\/\/www.andreclaude.fr\/web\/index.php\/wp-json\/wp\/v2\/types\/product"}],"replies":[{"embeddable":true,"href":"https:\/\/www.andreclaude.fr\/web\/index.php\/wp-json\/wp\/v2\/comments?post=5828"}],"wp:featuredmedia":[{"embeddable":true,"href":"https:\/\/www.andreclaude.fr\/web\/index.php\/wp-json\/wp\/v2\/media\/5829"}],"wp:attachment":[{"href":"https:\/\/www.andreclaude.fr\/web\/index.php\/wp-json\/wp\/v2\/media?parent=5828"}],"wp:term":[{"taxonomy":"product_cat","embeddable":true,"href":"https:\/\/www.andreclaude.fr\/web\/index.php\/wp-json\/wp\/v2\/product_cat?post=5828"},{"taxonomy":"product_tag","embeddable":true,"href":"https:\/\/www.andreclaude.fr\/web\/index.php\/wp-json\/wp\/v2\/product_tag?post=5828"}],"curies":[{"name":"wp","href":"https:\/\/api.w.org\/{rel}","templated":true}]}}