{"id":5823,"date":"2015-12-07T11:35:39","date_gmt":"2015-12-07T10:35:39","guid":{"rendered":"http:\/\/www.andreclaude.fr\/web\/index.php\/produit\/riz-rond-le-kilo\/"},"modified":"2021-11-18T10:53:26","modified_gmt":"2021-11-18T09:53:26","slug":"riz-rond-le-kilo","status":"publish","type":"product","link":"https:\/\/www.andreclaude.fr\/web\/index.php\/produit\/riz-rond-le-kilo\/","title":{"rendered":"Riz Rond Italie barquette env 400grs"},"content":{"rendered":"<p>Le riz est la c\u00e9r\u00e9ale de base de l&rsquo;alimentation pour la moiti\u00e9 de la population mondiale. il entre dans de nombreuses pr\u00e9parations : risotto, riz au lait ou sushis&#8230;<\/p>\n","protected":false},"excerpt":{"rendered":"<div><strong><u>Le riz rond pour les desserts <\/u><\/strong><br \/>\nCe riz rond est utilis\u00e9 de pr\u00e9f\u00e9rence pour les desserts (g\u00e2teau de riz, riz au lait). Il peut \u00eatre cuit, selon l&rsquo;utilisation, dans de l&rsquo;eau ou dans du lait.\u00a0Le riz rond, contrairement aux riz longs qui absorbent peu d&rsquo;eau, gonfle lors de la cuisson. Si ce liquide a du go\u00fbt (bouillon, lait, cr\u00e8me&#8230;), le riz va naturellement s&rsquo;en impr\u00e9gner et capter ses saveurs. \u00a0Il aura davantage de go\u00fbt.<\/div>\n<div><\/div>\n<div>Valeurs nutritionnelles moyennes pour 100g :<br \/>\nValeur \u00e9nerg\u00e9tique : 349 Cal<br \/>\nProt\u00e9ines : 7.5 g<br \/>\nLipides : 1 g dont Acides Gras Satur\u00e9s : 0 g<br \/>\nGlucides : 77 g dont Sucres totaux : 0 g<br \/>\nFibres alimentaires : 1 g<br \/>\nSel : 0 g<\/div>\n","protected":false},"featured_media":8041,"comment_status":"closed","ping_status":"closed","template":"","meta":[],"product_cat":[194,150],"product_tag":[],"jetpack_publicize_connections":[],"_links":{"self":[{"href":"https:\/\/www.andreclaude.fr\/web\/index.php\/wp-json\/wp\/v2\/product\/5823"}],"collection":[{"href":"https:\/\/www.andreclaude.fr\/web\/index.php\/wp-json\/wp\/v2\/product"}],"about":[{"href":"https:\/\/www.andreclaude.fr\/web\/index.php\/wp-json\/wp\/v2\/types\/product"}],"replies":[{"embeddable":true,"href":"https:\/\/www.andreclaude.fr\/web\/index.php\/wp-json\/wp\/v2\/comments?post=5823"}],"wp:featuredmedia":[{"embeddable":true,"href":"https:\/\/www.andreclaude.fr\/web\/index.php\/wp-json\/wp\/v2\/media\/8041"}],"wp:attachment":[{"href":"https:\/\/www.andreclaude.fr\/web\/index.php\/wp-json\/wp\/v2\/media?parent=5823"}],"wp:term":[{"taxonomy":"product_cat","embeddable":true,"href":"https:\/\/www.andreclaude.fr\/web\/index.php\/wp-json\/wp\/v2\/product_cat?post=5823"},{"taxonomy":"product_tag","embeddable":true,"href":"https:\/\/www.andreclaude.fr\/web\/index.php\/wp-json\/wp\/v2\/product_tag?post=5823"}],"curies":[{"name":"wp","href":"https:\/\/api.w.org\/{rel}","templated":true}]}}