{"id":5778,"date":"2015-12-07T11:35:21","date_gmt":"2015-12-07T10:35:21","guid":{"rendered":"http:\/\/www.andreclaude.fr\/web\/index.php\/produit\/comte-petite-part-env-150-grs\/"},"modified":"2023-02-07T11:05:30","modified_gmt":"2023-02-07T10:05:30","slug":"comte-petite-part-env-150-grs","status":"publish","type":"product","link":"https:\/\/www.andreclaude.fr\/web\/index.php\/produit\/comte-petite-part-env-150-grs\/","title":{"rendered":"Comt\u00e9  jeune part environ 200g"},"content":{"rendered":"<p>Fromagerie ARNAUD<\/p>\n<p>6 avenue de la Gare<\/p>\n<p>39801 POLIGNY<\/p>\n","protected":false},"excerpt":{"rendered":"<p>Fromage \u00e0 p\u00e2te press\u00e9e cuite, le comt\u00e9 est fabriqu\u00e9 de mani\u00e8re artisanale, \u00e0 partir de lait cru.<\/p>\n<p>Ingr\u00e9dients : <strong>lait<\/strong> cru de vache, ferments lactiques (<strong>lait<\/strong>), sel, pr\u00e9sure<\/p>\n<p>Sans lactose, les ingr\u00e9dients utilis\u00e9s sont exempts d&rsquo;OGM<\/p>\n<p>Valeurs nutritionnelles moyennes pour 100g<\/p>\n<p>Energie : 418kcal\/ 1735kj<\/p>\n<p>Mati\u00e8res grasses: 34.6g dont acides gras satur\u00e9s : 22.5g<\/p>\n<p>Glucides : traces dont sucre traces<\/p>\n<p>Prot\u00e9ines :26.7g<\/p>\n<p>Sel : 0.817g<\/p>\n<p>Calcium : 993mg soit 124% apports quotidiens de r\u00e9f\u00e9rence<\/p>\n<p>Fromagerie Arnaud 39801 POLIGNY<\/p>\n","protected":false},"featured_media":5779,"comment_status":"closed","ping_status":"closed","template":"","meta":[],"product_cat":[194,165],"product_tag":[],"jetpack_publicize_connections":[],"_links":{"self":[{"href":"https:\/\/www.andreclaude.fr\/web\/index.php\/wp-json\/wp\/v2\/product\/5778"}],"collection":[{"href":"https:\/\/www.andreclaude.fr\/web\/index.php\/wp-json\/wp\/v2\/product"}],"about":[{"href":"https:\/\/www.andreclaude.fr\/web\/index.php\/wp-json\/wp\/v2\/types\/product"}],"replies":[{"embeddable":true,"href":"https:\/\/www.andreclaude.fr\/web\/index.php\/wp-json\/wp\/v2\/comments?post=5778"}],"wp:featuredmedia":[{"embeddable":true,"href":"https:\/\/www.andreclaude.fr\/web\/index.php\/wp-json\/wp\/v2\/media\/5779"}],"wp:attachment":[{"href":"https:\/\/www.andreclaude.fr\/web\/index.php\/wp-json\/wp\/v2\/media?parent=5778"}],"wp:term":[{"taxonomy":"product_cat","embeddable":true,"href":"https:\/\/www.andreclaude.fr\/web\/index.php\/wp-json\/wp\/v2\/product_cat?post=5778"},{"taxonomy":"product_tag","embeddable":true,"href":"https:\/\/www.andreclaude.fr\/web\/index.php\/wp-json\/wp\/v2\/product_tag?post=5778"}],"curies":[{"name":"wp","href":"https:\/\/api.w.org\/{rel}","templated":true}]}}