{"id":5770,"date":"2015-12-07T11:35:21","date_gmt":"2015-12-07T10:35:21","guid":{"rendered":"http:\/\/www.andreclaude.fr\/web\/index.php\/produit\/saint-nectaire-fermier-petite-part-env-150-grs\/"},"modified":"2023-02-07T11:05:55","modified_gmt":"2023-02-07T10:05:55","slug":"saint-nectaire-fermier-petite-part-env-150-grs","status":"publish","type":"product","link":"https:\/\/www.andreclaude.fr\/web\/index.php\/produit\/saint-nectaire-fermier-petite-part-env-150-grs\/","title":{"rendered":"Saint Nectaire laitier  part env. 200g"},"content":{"rendered":"<p>Service Consommateurs Campagne de\u00a0 France<\/p>\n<p>Route de Combertault<\/p>\n<p>21200 Sainte Marie La Blanche<\/p>\n","protected":false},"excerpt":{"rendered":"<p>le Saint-Nectaire, qu\u2019il soit laitier ou fermier, offre une multiplicit\u00e9 de saveurs pour plaire au plus grand nombre. Pour ces deux productions, les soins apport\u00e9s \u00e0 la r\u00e9alisation de ce fromage restent inchang\u00e9s.<\/p>\n<p>Ingr\u00e9dients : <strong>Lait<\/strong> pasteuris\u00e9, sel, <strong>ferments lactiques<\/strong>, et affinage, pr\u00e9sure, chlorure de calcium.<\/p>\n<p>Valeurs nutritionnelles moyennes pour 100g<\/p>\n<p>Energie : 1410kj\/340kcal<\/p>\n<p>Mati\u00e8res grasses : 28g dont 19.9g d&rsquo;acides gras satur\u00e9s<\/p>\n<p>Glucides : 0g dont sucres 0g<\/p>\n<p>Prot\u00e9ines 22 g<\/p>\n<p>sel : 1.7g<\/p>\n<p>&nbsp;<\/p>\n","protected":false},"featured_media":5771,"comment_status":"closed","ping_status":"closed","template":"","meta":[],"product_cat":[194,167],"product_tag":[],"jetpack_publicize_connections":[],"_links":{"self":[{"href":"https:\/\/www.andreclaude.fr\/web\/index.php\/wp-json\/wp\/v2\/product\/5770"}],"collection":[{"href":"https:\/\/www.andreclaude.fr\/web\/index.php\/wp-json\/wp\/v2\/product"}],"about":[{"href":"https:\/\/www.andreclaude.fr\/web\/index.php\/wp-json\/wp\/v2\/types\/product"}],"replies":[{"embeddable":true,"href":"https:\/\/www.andreclaude.fr\/web\/index.php\/wp-json\/wp\/v2\/comments?post=5770"}],"wp:featuredmedia":[{"embeddable":true,"href":"https:\/\/www.andreclaude.fr\/web\/index.php\/wp-json\/wp\/v2\/media\/5771"}],"wp:attachment":[{"href":"https:\/\/www.andreclaude.fr\/web\/index.php\/wp-json\/wp\/v2\/media?parent=5770"}],"wp:term":[{"taxonomy":"product_cat","embeddable":true,"href":"https:\/\/www.andreclaude.fr\/web\/index.php\/wp-json\/wp\/v2\/product_cat?post=5770"},{"taxonomy":"product_tag","embeddable":true,"href":"https:\/\/www.andreclaude.fr\/web\/index.php\/wp-json\/wp\/v2\/product_tag?post=5770"}],"curies":[{"name":"wp","href":"https:\/\/api.w.org\/{rel}","templated":true}]}}