{"id":5768,"date":"2015-12-07T11:35:11","date_gmt":"2015-12-07T10:35:11","guid":{"rendered":"http:\/\/www.andreclaude.fr\/web\/index.php\/produit\/roquefort-papillon-noir-petite-part-env-150-grs\/"},"modified":"2022-09-06T15:39:02","modified_gmt":"2022-09-06T14:39:02","slug":"roquefort-papillon-noir-petite-part-env-150-grs","status":"publish","type":"product","link":"https:\/\/www.andreclaude.fr\/web\/index.php\/produit\/roquefort-papillon-noir-petite-part-env-150-grs\/","title":{"rendered":"Roquefort Papillon part env. 200g"},"content":{"rendered":"<p>Fromagerie Papillon<\/p>\n<p>12250 ROQUEFORT SUR SOULZON<\/p>\n","protected":false},"excerpt":{"rendered":"<p>Fromage au <strong>lait<\/strong> de brebis. Ce Roquefort PAPILLON d\u2019exception se distingue d\u2019abord par sa p\u00e2te blanche et ce bleu intense qui veine g\u00e9n\u00e9reusement ses larges et nombreuses cavit\u00e9s. \u2028En bouche, sa texture onctueuse et souple, d\u00e9veloppe un fondant d\u00e9licieux qui s\u2019accompagne d\u2019un go\u00fbt typ\u00e9, \u00e9quilibr\u00e9 et long en bouche.<\/p>\n<p>Ingr\u00e9dients : <strong>lait<\/strong> cru et entier de brebis, sel, pr\u00e9sure, <strong>ferments lactiques<\/strong> et d&rsquo;affinage.<\/p>\n<p>Valeurs nutritionnelles moyennes pour 100g<\/p>\n<p>Energie : 1572kj\/379kcal<\/p>\n<p>Mati\u00e8res grasses : 32g dont acides gras satur\u00e9s 20g<\/p>\n<p>Glucides : 1.8g dont sucres 0g<\/p>\n<p>Prot\u00e9ines : 21g<\/p>\n<p>Sel : 3.6g<\/p>\n","protected":false},"featured_media":5769,"comment_status":"closed","ping_status":"closed","template":"","meta":[],"product_cat":[194,165],"product_tag":[],"jetpack_publicize_connections":[],"_links":{"self":[{"href":"https:\/\/www.andreclaude.fr\/web\/index.php\/wp-json\/wp\/v2\/product\/5768"}],"collection":[{"href":"https:\/\/www.andreclaude.fr\/web\/index.php\/wp-json\/wp\/v2\/product"}],"about":[{"href":"https:\/\/www.andreclaude.fr\/web\/index.php\/wp-json\/wp\/v2\/types\/product"}],"replies":[{"embeddable":true,"href":"https:\/\/www.andreclaude.fr\/web\/index.php\/wp-json\/wp\/v2\/comments?post=5768"}],"wp:featuredmedia":[{"embeddable":true,"href":"https:\/\/www.andreclaude.fr\/web\/index.php\/wp-json\/wp\/v2\/media\/5769"}],"wp:attachment":[{"href":"https:\/\/www.andreclaude.fr\/web\/index.php\/wp-json\/wp\/v2\/media?parent=5768"}],"wp:term":[{"taxonomy":"product_cat","embeddable":true,"href":"https:\/\/www.andreclaude.fr\/web\/index.php\/wp-json\/wp\/v2\/product_cat?post=5768"},{"taxonomy":"product_tag","embeddable":true,"href":"https:\/\/www.andreclaude.fr\/web\/index.php\/wp-json\/wp\/v2\/product_tag?post=5768"}],"curies":[{"name":"wp","href":"https:\/\/api.w.org\/{rel}","templated":true}]}}