{"id":5762,"date":"2015-12-07T11:35:11","date_gmt":"2015-12-07T10:35:11","guid":{"rendered":"http:\/\/www.andreclaude.fr\/web\/index.php\/produit\/crottin-lencloitre-demi-sec\/"},"modified":"2022-01-07T11:57:21","modified_gmt":"2022-01-07T10:57:21","slug":"crottin-lencloitre-demi-sec","status":"publish","type":"product","link":"https:\/\/www.andreclaude.fr\/web\/index.php\/produit\/crottin-lencloitre-demi-sec\/","title":{"rendered":"Crottin de ch\u00e8vre demi-sec la pi\u00e8ce"},"content":{"rendered":"<p>EARL des Geni\u00e8vres<\/p>\n<p>18250 La Chapelotte<\/p>\n","protected":false},"excerpt":{"rendered":"<p>Fromage de ch\u00e8vre au <strong>lait<\/strong> cru<\/p>\n<p>19.5% MG<\/p>\n<p>Ingr\u00e9dients : <strong>Lait<\/strong> cru de ch\u00e8vre, sel, pr\u00e9sure<\/p>\n<p>&nbsp;<\/p>\n","protected":false},"featured_media":18888,"comment_status":"closed","ping_status":"closed","template":"","meta":[],"product_cat":[194,169],"product_tag":[],"jetpack_publicize_connections":[],"_links":{"self":[{"href":"https:\/\/www.andreclaude.fr\/web\/index.php\/wp-json\/wp\/v2\/product\/5762"}],"collection":[{"href":"https:\/\/www.andreclaude.fr\/web\/index.php\/wp-json\/wp\/v2\/product"}],"about":[{"href":"https:\/\/www.andreclaude.fr\/web\/index.php\/wp-json\/wp\/v2\/types\/product"}],"replies":[{"embeddable":true,"href":"https:\/\/www.andreclaude.fr\/web\/index.php\/wp-json\/wp\/v2\/comments?post=5762"}],"wp:featuredmedia":[{"embeddable":true,"href":"https:\/\/www.andreclaude.fr\/web\/index.php\/wp-json\/wp\/v2\/media\/18888"}],"wp:attachment":[{"href":"https:\/\/www.andreclaude.fr\/web\/index.php\/wp-json\/wp\/v2\/media?parent=5762"}],"wp:term":[{"taxonomy":"product_cat","embeddable":true,"href":"https:\/\/www.andreclaude.fr\/web\/index.php\/wp-json\/wp\/v2\/product_cat?post=5762"},{"taxonomy":"product_tag","embeddable":true,"href":"https:\/\/www.andreclaude.fr\/web\/index.php\/wp-json\/wp\/v2\/product_tag?post=5762"}],"curies":[{"name":"wp","href":"https:\/\/api.w.org\/{rel}","templated":true}]}}