{"id":5760,"date":"2015-12-07T11:35:11","date_gmt":"2015-12-07T10:35:11","guid":{"rendered":"http:\/\/www.andreclaude.fr\/web\/index.php\/produit\/brie-au-poivre-part-env-200-grs\/"},"modified":"2023-01-10T10:48:48","modified_gmt":"2023-01-10T09:48:48","slug":"brie-au-poivre-part-env-200-grs","status":"publish","type":"product","link":"https:\/\/www.andreclaude.fr\/web\/index.php\/produit\/brie-au-poivre-part-env-200-grs\/","title":{"rendered":"Brie au poivre part environ 200 grs"},"content":{"rendered":"<div class=\"rte\">\u00a0Fabriqu\u00e9 par la fromagerie Henri Hutin 55320 DIEUE sur MEUSE<\/div>\n","protected":false},"excerpt":{"rendered":"<p>Sa texture est proche du brie mais l\u00e9g\u00e8rement plus ferme. Par contre son go\u00fbt est vraiment parfum\u00e9 dut \u00e0 son affinage. Sa cro\u00fbte contient le poivre ce qui lui rend un parfum irr\u00e9sistible pour les amateurs de poivre.<\/p>\n<p>Ingr\u00e9dients : <strong>lait<\/strong> de vache pasteuris\u00e9 ( origine UE ), poivre 2.5%, sel, <strong>ferments lactiques<\/strong> et d&rsquo;affinage, pr\u00e9sure animale<\/p>\n<p>Valeurs nutritionnelles moyennes pour 100g<\/p>\n<p>Energie : 1490kj\/360kcal<\/p>\n<p>Mati\u00e8res grasses : 32g dont acides gras satur\u00e9s 22g<\/p>\n<p>Glucides : 1g dont sucres 1g<\/p>\n<p>Prot\u00e9ines : 17g<\/p>\n<p>Sel : 1.6g<\/p>\n<p>&nbsp;<\/p>\n<p>&nbsp;<\/p>\n","protected":false},"featured_media":7698,"comment_status":"closed","ping_status":"closed","template":"","meta":[],"product_cat":[194,167],"product_tag":[],"jetpack_publicize_connections":[],"_links":{"self":[{"href":"https:\/\/www.andreclaude.fr\/web\/index.php\/wp-json\/wp\/v2\/product\/5760"}],"collection":[{"href":"https:\/\/www.andreclaude.fr\/web\/index.php\/wp-json\/wp\/v2\/product"}],"about":[{"href":"https:\/\/www.andreclaude.fr\/web\/index.php\/wp-json\/wp\/v2\/types\/product"}],"replies":[{"embeddable":true,"href":"https:\/\/www.andreclaude.fr\/web\/index.php\/wp-json\/wp\/v2\/comments?post=5760"}],"wp:featuredmedia":[{"embeddable":true,"href":"https:\/\/www.andreclaude.fr\/web\/index.php\/wp-json\/wp\/v2\/media\/7698"}],"wp:attachment":[{"href":"https:\/\/www.andreclaude.fr\/web\/index.php\/wp-json\/wp\/v2\/media?parent=5760"}],"wp:term":[{"taxonomy":"product_cat","embeddable":true,"href":"https:\/\/www.andreclaude.fr\/web\/index.php\/wp-json\/wp\/v2\/product_cat?post=5760"},{"taxonomy":"product_tag","embeddable":true,"href":"https:\/\/www.andreclaude.fr\/web\/index.php\/wp-json\/wp\/v2\/product_tag?post=5760"}],"curies":[{"name":"wp","href":"https:\/\/api.w.org\/{rel}","templated":true}]}}