{"id":5753,"date":"2015-12-07T11:35:11","date_gmt":"2015-12-07T10:35:11","guid":{"rendered":"http:\/\/www.andreclaude.fr\/web\/index.php\/produit\/selles-sur-cher\/"},"modified":"2022-07-19T08:48:08","modified_gmt":"2022-07-19T07:48:08","slug":"selles-sur-cher","status":"publish","type":"product","link":"https:\/\/www.andreclaude.fr\/web\/index.php\/produit\/selles-sur-cher\/","title":{"rendered":"Ch\u00e8vre Selles sur Cher la pi\u00e8ce"},"content":{"rendered":"<p>Fromagerie HARDY<\/p>\n<p>5 rue de l&rsquo;ancienne gare<\/p>\n<p>41130 CHATILLON SUR CHER<\/p>\n","protected":false},"excerpt":{"rendered":"<p>41 130 Selles-sur-Cher. Le Selles-sur-Cher, au lait de ch\u00e8vre entier, se reconna\u00eet \u00e0 sa p\u00e2te molle de couleur blanche et \u00e0 sa cro\u00fbte cendr\u00e9e. Sa texture est fondante.<\/p>\n<p>Ingr\u00e9dients : <strong>lait<\/strong> de ch\u00e8vre , ferments, colorant : charbon v\u00e9g\u00e9tal, pr\u00e9sure.<\/p>\n<p>Valeurs nutritionnelles moyennes pour 100g<\/p>\n<p>Energie : 1231kj\/297kcal<\/p>\n<p>Mati\u00e8res grasses :25g dont acides gras satur\u00e9s :19g<\/p>\n<p>Glucides : 1g dont sucres 1g<\/p>\n<p>Prot\u00e9ines : 17g<\/p>\n<p>Sel : 1.7g<\/p>\n<p>&nbsp;<\/p>\n<p>&nbsp;<\/p>\n","protected":false},"featured_media":7434,"comment_status":"closed","ping_status":"closed","template":"","meta":[],"product_cat":[196,194,169],"product_tag":[],"jetpack_publicize_connections":[],"_links":{"self":[{"href":"https:\/\/www.andreclaude.fr\/web\/index.php\/wp-json\/wp\/v2\/product\/5753"}],"collection":[{"href":"https:\/\/www.andreclaude.fr\/web\/index.php\/wp-json\/wp\/v2\/product"}],"about":[{"href":"https:\/\/www.andreclaude.fr\/web\/index.php\/wp-json\/wp\/v2\/types\/product"}],"replies":[{"embeddable":true,"href":"https:\/\/www.andreclaude.fr\/web\/index.php\/wp-json\/wp\/v2\/comments?post=5753"}],"wp:featuredmedia":[{"embeddable":true,"href":"https:\/\/www.andreclaude.fr\/web\/index.php\/wp-json\/wp\/v2\/media\/7434"}],"wp:attachment":[{"href":"https:\/\/www.andreclaude.fr\/web\/index.php\/wp-json\/wp\/v2\/media?parent=5753"}],"wp:term":[{"taxonomy":"product_cat","embeddable":true,"href":"https:\/\/www.andreclaude.fr\/web\/index.php\/wp-json\/wp\/v2\/product_cat?post=5753"},{"taxonomy":"product_tag","embeddable":true,"href":"https:\/\/www.andreclaude.fr\/web\/index.php\/wp-json\/wp\/v2\/product_tag?post=5753"}],"curies":[{"name":"wp","href":"https:\/\/api.w.org\/{rel}","templated":true}]}}