{"id":5748,"date":"2015-12-07T11:35:05","date_gmt":"2015-12-07T10:35:05","guid":{"rendered":"http:\/\/www.andreclaude.fr\/web\/index.php\/produit\/fromage-blanc-faisselle-artisanale-pot-de-250-grs\/"},"modified":"2019-02-07T11:16:46","modified_gmt":"2019-02-07T10:16:46","slug":"fromage-blanc-faisselle-artisanale-pot-de-250-grs","status":"publish","type":"product","link":"https:\/\/www.andreclaude.fr\/web\/index.php\/produit\/fromage-blanc-faisselle-artisanale-pot-de-250-grs\/","title":{"rendered":"Faisselle Artisanale &#8211; pot 250 grs"},"content":{"rendered":"<p>Laiterie de 41 800 Montoire sur Loir ( Loir et cher). Le Petit Tr\u00f4o.<\/p>\n","protected":false},"excerpt":{"rendered":"<p><b><\/b>Laiterie de 41 800 Montoire sur Loir ( Loir et cher). Faisselle est une appellation g\u00e9n\u00e9rique fran\u00e7aise d\u00e9signant du fromage frais de lait cru qui prend son nom du moule \u00e0 fromage dans lequel il s&rsquo;\u00e9goutte\u00a0: la faisselle.<\/p>\n<p>Ingr\u00e9dients : <strong>lait<\/strong> de vache pasteuris\u00e9<\/p>\n<p>Valeurs nutritionnelles moyennes pour 100g<\/p>\n<p>Energie : 422kj\/202kcal<\/p>\n<p>Mati\u00e8res grasses : 7g dont acides gras satur\u00e9s : 5.3g<\/p>\n<p>Glucides : 4.1g dont sucres 1.6g<\/p>\n<p>Prot\u00e9ines : 5.7g<\/p>\n<p>Sel :0.1g<\/p>\n","protected":false},"featured_media":6982,"comment_status":"closed","ping_status":"closed","template":"","meta":[],"product_cat":[196,194,166],"product_tag":[],"jetpack_publicize_connections":[],"_links":{"self":[{"href":"https:\/\/www.andreclaude.fr\/web\/index.php\/wp-json\/wp\/v2\/product\/5748"}],"collection":[{"href":"https:\/\/www.andreclaude.fr\/web\/index.php\/wp-json\/wp\/v2\/product"}],"about":[{"href":"https:\/\/www.andreclaude.fr\/web\/index.php\/wp-json\/wp\/v2\/types\/product"}],"replies":[{"embeddable":true,"href":"https:\/\/www.andreclaude.fr\/web\/index.php\/wp-json\/wp\/v2\/comments?post=5748"}],"wp:featuredmedia":[{"embeddable":true,"href":"https:\/\/www.andreclaude.fr\/web\/index.php\/wp-json\/wp\/v2\/media\/6982"}],"wp:attachment":[{"href":"https:\/\/www.andreclaude.fr\/web\/index.php\/wp-json\/wp\/v2\/media?parent=5748"}],"wp:term":[{"taxonomy":"product_cat","embeddable":true,"href":"https:\/\/www.andreclaude.fr\/web\/index.php\/wp-json\/wp\/v2\/product_cat?post=5748"},{"taxonomy":"product_tag","embeddable":true,"href":"https:\/\/www.andreclaude.fr\/web\/index.php\/wp-json\/wp\/v2\/product_tag?post=5748"}],"curies":[{"name":"wp","href":"https:\/\/api.w.org\/{rel}","templated":true}]}}