{"id":5738,"date":"2015-12-07T11:35:05","date_gmt":"2015-12-07T10:35:05","guid":{"rendered":"http:\/\/www.andreclaude.fr\/web\/index.php\/produit\/12-feuilles-de-dreux\/"},"modified":"2022-09-06T15:40:26","modified_gmt":"2022-09-06T14:40:26","slug":"12-feuilles-de-dreux","status":"publish","type":"product","link":"https:\/\/www.andreclaude.fr\/web\/index.php\/produit\/12-feuilles-de-dreux\/","title":{"rendered":"Feuille de Dreux le demi env. 150g"},"content":{"rendered":"<p>Fabriqu\u00e9 en R\u00e9gion Centre<\/p>\n<p>Fromagerie d&rsquo;Orval<\/p>\n<p>18200 Orval<\/p>\n","protected":false},"excerpt":{"rendered":"<p>Avant de servir de d\u00e9coration, la feuille de ch\u00e2taignier \u00e9tait utilis\u00e9e pour \u00e9viter que les fromages empil\u00e9s les uns sur les autres lors de l&rsquo;affinage ne collent entre eux et d\u2019\u00eatre malgr\u00e9 tout tr\u00e8s onctueux.<\/p>\n<p>Fromage au<strong> lait<\/strong> pasteuris\u00e9 de vache (origine France)<\/p>\n<p>14% Mat Gr sur poids total \u00e0 l&#8217;emballage<\/p>\n<p>Valeurs nutritionnelles moyennes pour 100g<\/p>\n<p>Energie : 1036kj\/248kcal<\/p>\n<p>Mati\u00e8res grasses : 14g dont acides gras satur\u00e9s : 3.1g<\/p>\n<p>Glucides : 3.2g dont sucres traces<\/p>\n<p>Prot\u00e9ines : 25g<\/p>\n<p>Sel : 2g<\/p>\n<p>Fabriqu\u00e9 en r\u00e9gion centre par fromagerie d&rsquo;Orval 18200 Orval<\/p>\n<p>&nbsp;<\/p>\n<p>&nbsp;<\/p>\n","protected":false},"featured_media":7413,"comment_status":"closed","ping_status":"closed","template":"","meta":[],"product_cat":[196,194,167],"product_tag":[],"jetpack_publicize_connections":[],"_links":{"self":[{"href":"https:\/\/www.andreclaude.fr\/web\/index.php\/wp-json\/wp\/v2\/product\/5738"}],"collection":[{"href":"https:\/\/www.andreclaude.fr\/web\/index.php\/wp-json\/wp\/v2\/product"}],"about":[{"href":"https:\/\/www.andreclaude.fr\/web\/index.php\/wp-json\/wp\/v2\/types\/product"}],"replies":[{"embeddable":true,"href":"https:\/\/www.andreclaude.fr\/web\/index.php\/wp-json\/wp\/v2\/comments?post=5738"}],"wp:featuredmedia":[{"embeddable":true,"href":"https:\/\/www.andreclaude.fr\/web\/index.php\/wp-json\/wp\/v2\/media\/7413"}],"wp:attachment":[{"href":"https:\/\/www.andreclaude.fr\/web\/index.php\/wp-json\/wp\/v2\/media?parent=5738"}],"wp:term":[{"taxonomy":"product_cat","embeddable":true,"href":"https:\/\/www.andreclaude.fr\/web\/index.php\/wp-json\/wp\/v2\/product_cat?post=5738"},{"taxonomy":"product_tag","embeddable":true,"href":"https:\/\/www.andreclaude.fr\/web\/index.php\/wp-json\/wp\/v2\/product_tag?post=5738"}],"curies":[{"name":"wp","href":"https:\/\/api.w.org\/{rel}","templated":true}]}}