{"id":5726,"date":"2015-12-07T11:34:54","date_gmt":"2015-12-07T10:34:54","guid":{"rendered":"http:\/\/www.andreclaude.fr\/web\/index.php\/produit\/gruyere-rape-barq-150-grs\/"},"modified":"2025-08-05T09:13:31","modified_gmt":"2025-08-05T08:13:31","slug":"gruyere-rape-barq-150-grs","status":"publish","type":"product","link":"https:\/\/www.andreclaude.fr\/web\/index.php\/produit\/gruyere-rape-barq-150-grs\/","title":{"rendered":"Gruy\u00e8re rap\u00e9 barquette 150 grs"},"content":{"rendered":"<p>Fromagerie Chabert<\/p>\n<p><span class=\"LrzXr\">710 Route de Val de Fier,<\/span><\/p>\n<p><span class=\"LrzXr\"> 74150 Valli\u00e8res<\/span><\/p>\n","protected":false},"excerpt":{"rendered":"<p>Conditionn\u00e9 en barquette refermable \u00e0 volont\u00e9 pour garder toute sa saveur.<\/p>\n<p>Fromage \u00e0 p\u00e2te press\u00e9e cuite, fabriqu\u00e9 \u00e0 partir de <strong>lait<\/strong> cru de vache (98.68% ), ferments lactiques (1%), sel (0.3%), pr\u00e9sure(0.02%).<\/p>\n<p>Valeurs nutritionnelles moyennes pour 100g :<\/p>\n<p>Energie : 396kcal \/ 1643kj<\/p>\n<p>Mati\u00e8res grasses : 31g sur produit fini dont acides gras satur\u00e9s : 20g<\/p>\n<p>Prot\u00e9ines : 29g<\/p>\n<p>Glucides : &lt;0.5g dont sucres &lt;0.5g<\/p>\n","protected":false},"featured_media":7437,"comment_status":"closed","ping_status":"closed","template":"","meta":[],"product_cat":[194,165],"product_tag":[],"jetpack_publicize_connections":[],"_links":{"self":[{"href":"https:\/\/www.andreclaude.fr\/web\/index.php\/wp-json\/wp\/v2\/product\/5726"}],"collection":[{"href":"https:\/\/www.andreclaude.fr\/web\/index.php\/wp-json\/wp\/v2\/product"}],"about":[{"href":"https:\/\/www.andreclaude.fr\/web\/index.php\/wp-json\/wp\/v2\/types\/product"}],"replies":[{"embeddable":true,"href":"https:\/\/www.andreclaude.fr\/web\/index.php\/wp-json\/wp\/v2\/comments?post=5726"}],"wp:featuredmedia":[{"embeddable":true,"href":"https:\/\/www.andreclaude.fr\/web\/index.php\/wp-json\/wp\/v2\/media\/7437"}],"wp:attachment":[{"href":"https:\/\/www.andreclaude.fr\/web\/index.php\/wp-json\/wp\/v2\/media?parent=5726"}],"wp:term":[{"taxonomy":"product_cat","embeddable":true,"href":"https:\/\/www.andreclaude.fr\/web\/index.php\/wp-json\/wp\/v2\/product_cat?post=5726"},{"taxonomy":"product_tag","embeddable":true,"href":"https:\/\/www.andreclaude.fr\/web\/index.php\/wp-json\/wp\/v2\/product_tag?post=5726"}],"curies":[{"name":"wp","href":"https:\/\/api.w.org\/{rel}","templated":true}]}}