{"id":5690,"date":"2015-12-07T11:34:33","date_gmt":"2015-12-07T10:34:33","guid":{"rendered":"http:\/\/www.andreclaude.fr\/web\/index.php\/produit\/tome-de-savoie-petite-part-env-150-grs\/"},"modified":"2023-02-02T08:33:23","modified_gmt":"2023-02-02T07:33:23","slug":"tome-de-savoie-petite-part-env-150-grs","status":"publish","type":"product","link":"https:\/\/www.andreclaude.fr\/web\/index.php\/produit\/tome-de-savoie-petite-part-env-150-grs\/","title":{"rendered":"Tomme de Savoie part env. 200g"},"content":{"rendered":"<p>Fabriqu\u00e9 et affin\u00e9 par<\/p>\n<p>Fromagerie MASSON 74100 ANNEMASSE<\/p>\n<p>Distribu\u00e9 par le GRAL\u00a0 62, rue du Crot Pin\u00e7on 58502 CLAMECY<\/p>\n","protected":false},"excerpt":{"rendered":"<p>Le lait provient quasi-exclusivement de vaches de races locales : Tarine, Abondance et Montb\u00e9liarde. La transformation du lait et l\u2019affinage du fromage sont ensuite r\u00e9alis\u00e9s strictement en Savoie et en Haute-Savoie.<\/p>\n<p>S\u00fbrement l&rsquo;un des plus vieux fromages savoyards. La Tomme de Savoie a une cro\u00fbte gris\u00e2tre. Sa p\u00e2te est souple, jaune clair, perc\u00e9e de petits trous. Fondante en bouche.<\/p>\n<p>Ingr\u00e9dients :<strong> lait<\/strong> cru de vache, <strong>ferments lactiques et d&rsquo;affinage<\/strong>, sel, pr\u00e9sure<\/p>\n<p>Valeurs nutritionnelles moyennes pour 100g<\/p>\n<p>Energie : 1483kj\/357kcal<\/p>\n<p>Mati\u00e8res grasses : 29g dont acides gras satur\u00e9s : 19g<\/p>\n<p>Glucides : &lt;0.5g dont sucres &lt;0.5g<\/p>\n<p>Prot\u00e9ines : 24g<\/p>\n<p>Sel : 1.5g<\/p>\n<p>&nbsp;<\/p>\n","protected":false},"featured_media":5691,"comment_status":"closed","ping_status":"closed","template":"","meta":[],"product_cat":[194,165],"product_tag":[],"jetpack_publicize_connections":[],"_links":{"self":[{"href":"https:\/\/www.andreclaude.fr\/web\/index.php\/wp-json\/wp\/v2\/product\/5690"}],"collection":[{"href":"https:\/\/www.andreclaude.fr\/web\/index.php\/wp-json\/wp\/v2\/product"}],"about":[{"href":"https:\/\/www.andreclaude.fr\/web\/index.php\/wp-json\/wp\/v2\/types\/product"}],"replies":[{"embeddable":true,"href":"https:\/\/www.andreclaude.fr\/web\/index.php\/wp-json\/wp\/v2\/comments?post=5690"}],"wp:featuredmedia":[{"embeddable":true,"href":"https:\/\/www.andreclaude.fr\/web\/index.php\/wp-json\/wp\/v2\/media\/5691"}],"wp:attachment":[{"href":"https:\/\/www.andreclaude.fr\/web\/index.php\/wp-json\/wp\/v2\/media?parent=5690"}],"wp:term":[{"taxonomy":"product_cat","embeddable":true,"href":"https:\/\/www.andreclaude.fr\/web\/index.php\/wp-json\/wp\/v2\/product_cat?post=5690"},{"taxonomy":"product_tag","embeddable":true,"href":"https:\/\/www.andreclaude.fr\/web\/index.php\/wp-json\/wp\/v2\/product_tag?post=5690"}],"curies":[{"name":"wp","href":"https:\/\/api.w.org\/{rel}","templated":true}]}}