{"id":5679,"date":"2015-12-07T11:34:19","date_gmt":"2015-12-07T10:34:19","guid":{"rendered":"http:\/\/www.andreclaude.fr\/web\/index.php\/produit\/beurre-12-sel-a-la-motte-petite-part-env-125\/"},"modified":"2022-07-19T08:55:43","modified_gmt":"2022-07-19T07:55:43","slug":"beurre-12-sel-a-la-motte-petite-part-env-125","status":"publish","type":"product","link":"https:\/\/www.andreclaude.fr\/web\/index.php\/produit\/beurre-12-sel-a-la-motte-petite-part-env-125\/","title":{"rendered":"Beurre 1\/2 sel \u00e0 la motte &#8211; les 125 grs"},"content":{"rendered":"<p>Laiterie Coop\u00e9rative de Pamplie<\/p>\n<p>Route du ch\u00eane Casse T\u00eate<\/p>\n<p>79 220\u00a0 Pamplie<\/p>\n<p>&nbsp;<\/p>\n","protected":false},"excerpt":{"rendered":"<p>Pour accompagner les fromages, les salaisons, et m\u00eame une bonne confiture traditionnelle, il faut du bon pain et surtout du bon beurre de qualit\u00e9 doux ou demi-sel suivant votre pr\u00e9f\u00e9rence. La motte s\u2019 offre \u00e0 vous et vous propose de red\u00e9couvrir la vraie saveur du beurre authentique.<\/p>\n<p>Cr\u00e8me pasteuris\u00e9 de <strong>lait<\/strong> de vache, sel, ferments lactiques.<\/p>\n<p>Valeurs nutritionnelles moyennes pour 100g<\/p>\n<p>Energie\u00a0 : 2987kj\/ 72kcal<\/p>\n<p>Mati\u00e8res grasses : 810g dont acides gras satur\u00e9s : 55g<\/p>\n<p>Glucides : &lt;0.5g dont sucres &lt;0.5g<\/p>\n<p>Prot\u00e9ines : 0.6g<\/p>\n<p>Sel : 3g<\/p>\n<p>&nbsp;<\/p>\n","protected":false},"featured_media":13433,"comment_status":"closed","ping_status":"closed","template":"","meta":[],"product_cat":[194,166],"product_tag":[],"jetpack_publicize_connections":[],"_links":{"self":[{"href":"https:\/\/www.andreclaude.fr\/web\/index.php\/wp-json\/wp\/v2\/product\/5679"}],"collection":[{"href":"https:\/\/www.andreclaude.fr\/web\/index.php\/wp-json\/wp\/v2\/product"}],"about":[{"href":"https:\/\/www.andreclaude.fr\/web\/index.php\/wp-json\/wp\/v2\/types\/product"}],"replies":[{"embeddable":true,"href":"https:\/\/www.andreclaude.fr\/web\/index.php\/wp-json\/wp\/v2\/comments?post=5679"}],"wp:featuredmedia":[{"embeddable":true,"href":"https:\/\/www.andreclaude.fr\/web\/index.php\/wp-json\/wp\/v2\/media\/13433"}],"wp:attachment":[{"href":"https:\/\/www.andreclaude.fr\/web\/index.php\/wp-json\/wp\/v2\/media?parent=5679"}],"wp:term":[{"taxonomy":"product_cat","embeddable":true,"href":"https:\/\/www.andreclaude.fr\/web\/index.php\/wp-json\/wp\/v2\/product_cat?post=5679"},{"taxonomy":"product_tag","embeddable":true,"href":"https:\/\/www.andreclaude.fr\/web\/index.php\/wp-json\/wp\/v2\/product_tag?post=5679"}],"curies":[{"name":"wp","href":"https:\/\/api.w.org\/{rel}","templated":true}]}}