{"id":5677,"date":"2015-12-07T11:34:19","date_gmt":"2015-12-07T10:34:19","guid":{"rendered":"http:\/\/www.andreclaude.fr\/web\/index.php\/produit\/beurre-doux-a-la-motte-petite-part-env-125-grs\/"},"modified":"2022-07-19T08:55:35","modified_gmt":"2022-07-19T07:55:35","slug":"beurre-doux-a-la-motte-petite-part-env-125-grs","status":"publish","type":"product","link":"https:\/\/www.andreclaude.fr\/web\/index.php\/produit\/beurre-doux-a-la-motte-petite-part-env-125-grs\/","title":{"rendered":"Beurre doux \u00e0 la motte &#8211; les 125 grs"},"content":{"rendered":"<p>Laiterie de Verneuil sur Indre 37 600<\/p>\n<p>&nbsp;<\/p>\n","protected":false},"excerpt":{"rendered":"<p>Pour accompagner les fromages, les salaisons, et m\u00eame une bonne confiture traditionnelle, il faut du bon pain et surtout du bon beurre de qualit\u00e9 doux ou demi-sel suivant votre pr\u00e9f\u00e9rence. La motte s\u2019 offre \u00e0 vous et vous propose de red\u00e9couvrir la vraie saveur du beurre authentique.<\/p>\n<p>Ingr\u00e9dients : <strong>Cr\u00e8me<\/strong> pasteuris\u00e9e origine France, ferments <strong>lactiques<\/strong><\/p>\n","protected":false},"featured_media":13433,"comment_status":"closed","ping_status":"closed","template":"","meta":[],"product_cat":[194,166],"product_tag":[],"jetpack_publicize_connections":[],"_links":{"self":[{"href":"https:\/\/www.andreclaude.fr\/web\/index.php\/wp-json\/wp\/v2\/product\/5677"}],"collection":[{"href":"https:\/\/www.andreclaude.fr\/web\/index.php\/wp-json\/wp\/v2\/product"}],"about":[{"href":"https:\/\/www.andreclaude.fr\/web\/index.php\/wp-json\/wp\/v2\/types\/product"}],"replies":[{"embeddable":true,"href":"https:\/\/www.andreclaude.fr\/web\/index.php\/wp-json\/wp\/v2\/comments?post=5677"}],"wp:featuredmedia":[{"embeddable":true,"href":"https:\/\/www.andreclaude.fr\/web\/index.php\/wp-json\/wp\/v2\/media\/13433"}],"wp:attachment":[{"href":"https:\/\/www.andreclaude.fr\/web\/index.php\/wp-json\/wp\/v2\/media?parent=5677"}],"wp:term":[{"taxonomy":"product_cat","embeddable":true,"href":"https:\/\/www.andreclaude.fr\/web\/index.php\/wp-json\/wp\/v2\/product_cat?post=5677"},{"taxonomy":"product_tag","embeddable":true,"href":"https:\/\/www.andreclaude.fr\/web\/index.php\/wp-json\/wp\/v2\/product_tag?post=5677"}],"curies":[{"name":"wp","href":"https:\/\/api.w.org\/{rel}","templated":true}]}}