{"id":5668,"date":"2015-12-07T11:34:19","date_gmt":"2015-12-07T10:34:19","guid":{"rendered":"http:\/\/www.andreclaude.fr\/web\/index.php\/produit\/chantilly-250-grs\/"},"modified":"2023-03-10T09:19:55","modified_gmt":"2023-03-10T08:19:55","slug":"chantilly-250-grs","status":"publish","type":"product","link":"https:\/\/www.andreclaude.fr\/web\/index.php\/produit\/chantilly-250-grs\/","title":{"rendered":"Bombe Chantilly Isigny 244ml"},"content":{"rendered":"<p>Isigny Sainte-M\u00e8re<br \/>\n2, rue du Docteur Boutrois<br \/>\n14230 Isigny-sur-Mer &#8211; France<\/p>\n","protected":false},"excerpt":{"rendered":"<p>Chantilly \u00e0 la vanille de Madagascar<\/p>\n<p><span id=\"ctl00_ContentPlaceHolder1_LbldescriptionNouveaute\">C&rsquo;est au sein des ateliers d&rsquo;Isigny Sainte-M\u00e8re que la premi\u00e8re bombe de cr\u00e8me Chantilly UHT sous pression fut mise au point, au d\u00e9but des ann\u00e9es 1970. Aujourd&rsquo;hui, parfum\u00e9e \u00e0 la vanille naturelle de Madagascar, elle est la complice id\u00e9ale de tous vos desserts : glaces, g\u00e2teaux ou fruits, fraise, framboise \u2026<\/span><\/p>\n<p>Ingr\u00e9dients : Cr\u00e8me de <strong>lait<\/strong> (91.5%) (origine du lait : UE) sucre 8%, ar\u00f4me naturel de vanille (origine Madagascar), \u00e9mulsifiant E471, stabilisant E407, gaz propulseur N2O<\/p>\n<p>Valeurs nutritionnelles moyennes pour 100g<\/p>\n<p>Energie : 1311kj\/313kcal<\/p>\n<p>Mati\u00e8res grasses : 29g dont acides gras satur\u00e9s : 21g<\/p>\n<p>Glucides : 11g dont sucres 11g<\/p>\n<p>Prot\u00e9ines : 2.1g<\/p>\n<p>Sel : 0.07g<\/p>\n<p>&nbsp;<\/p>\n","protected":false},"featured_media":8407,"comment_status":"closed","ping_status":"closed","template":"","meta":[],"product_cat":[194,166],"product_tag":[],"jetpack_publicize_connections":[],"_links":{"self":[{"href":"https:\/\/www.andreclaude.fr\/web\/index.php\/wp-json\/wp\/v2\/product\/5668"}],"collection":[{"href":"https:\/\/www.andreclaude.fr\/web\/index.php\/wp-json\/wp\/v2\/product"}],"about":[{"href":"https:\/\/www.andreclaude.fr\/web\/index.php\/wp-json\/wp\/v2\/types\/product"}],"replies":[{"embeddable":true,"href":"https:\/\/www.andreclaude.fr\/web\/index.php\/wp-json\/wp\/v2\/comments?post=5668"}],"wp:featuredmedia":[{"embeddable":true,"href":"https:\/\/www.andreclaude.fr\/web\/index.php\/wp-json\/wp\/v2\/media\/8407"}],"wp:attachment":[{"href":"https:\/\/www.andreclaude.fr\/web\/index.php\/wp-json\/wp\/v2\/media?parent=5668"}],"wp:term":[{"taxonomy":"product_cat","embeddable":true,"href":"https:\/\/www.andreclaude.fr\/web\/index.php\/wp-json\/wp\/v2\/product_cat?post=5668"},{"taxonomy":"product_tag","embeddable":true,"href":"https:\/\/www.andreclaude.fr\/web\/index.php\/wp-json\/wp\/v2\/product_tag?post=5668"}],"curies":[{"name":"wp","href":"https:\/\/api.w.org\/{rel}","templated":true}]}}