{"id":5663,"date":"2015-12-07T11:34:12","date_gmt":"2015-12-07T10:34:12","guid":{"rendered":"http:\/\/www.andreclaude.fr\/web\/index.php\/produit\/creme-dessert-cafe-x-4\/"},"modified":"2019-03-02T09:50:05","modified_gmt":"2019-03-02T08:50:05","slug":"creme-dessert-cafe-x-4","status":"publish","type":"product","link":"https:\/\/www.andreclaude.fr\/web\/index.php\/produit\/creme-dessert-cafe-x-4\/","title":{"rendered":"Cr\u00e8me dessert caf\u00e9  Elle et Vire x 4"},"content":{"rendered":"<p>Elvir<\/p>\n<p>50890 Cond\u00e9 sur Vire<\/p>\n<p>France<\/p>\n","protected":false},"excerpt":{"rendered":"<p>Cr\u00e8me dessert aromatis\u00e9e saveur caf\u00e9 st\u00e9r\u00e9lis\u00e9e UHT<\/p>\n<p>Id\u00e9al en dessert ou en go\u00fbter. 4 Pots de 125g. Fabriqu\u00e9 en Normandie \u00e0 Cond\u00e9-sur-Vire.<\/p>\n<p>Ingr\u00e9dients : <strong>lait<\/strong> entier, solution de lactose (<strong>lait<\/strong>),sucre, amidon modifi\u00e9, sirop de glucose, ar\u00f4me, \u00e9paississant : carragh\u00e9nane, colorant : E150c, sel,<strong> oeuf<\/strong><strong><br \/>\n<\/strong><\/p>\n<p>Valeur nutritionnelle pour 100 g<\/p>\n<p>Energie : 435kj\/103kcal<\/p>\n<p>Mati\u00e8res grasses : 2.8g dont acides gras satur\u00e9s : 1.9g<\/p>\n<p>Glucides : 17.3g dont sucres 12.3g<\/p>\n<p>Prot\u00e9ines : 2.1g<\/p>\n<p>Sel : 0.16g<\/p>\n","protected":false},"featured_media":7690,"comment_status":"closed","ping_status":"closed","template":"","meta":[],"product_cat":[194,166],"product_tag":[],"jetpack_publicize_connections":[],"_links":{"self":[{"href":"https:\/\/www.andreclaude.fr\/web\/index.php\/wp-json\/wp\/v2\/product\/5663"}],"collection":[{"href":"https:\/\/www.andreclaude.fr\/web\/index.php\/wp-json\/wp\/v2\/product"}],"about":[{"href":"https:\/\/www.andreclaude.fr\/web\/index.php\/wp-json\/wp\/v2\/types\/product"}],"replies":[{"embeddable":true,"href":"https:\/\/www.andreclaude.fr\/web\/index.php\/wp-json\/wp\/v2\/comments?post=5663"}],"wp:featuredmedia":[{"embeddable":true,"href":"https:\/\/www.andreclaude.fr\/web\/index.php\/wp-json\/wp\/v2\/media\/7690"}],"wp:attachment":[{"href":"https:\/\/www.andreclaude.fr\/web\/index.php\/wp-json\/wp\/v2\/media?parent=5663"}],"wp:term":[{"taxonomy":"product_cat","embeddable":true,"href":"https:\/\/www.andreclaude.fr\/web\/index.php\/wp-json\/wp\/v2\/product_cat?post=5663"},{"taxonomy":"product_tag","embeddable":true,"href":"https:\/\/www.andreclaude.fr\/web\/index.php\/wp-json\/wp\/v2\/product_tag?post=5663"}],"curies":[{"name":"wp","href":"https:\/\/api.w.org\/{rel}","templated":true}]}}