{"id":5654,"date":"2015-12-07T11:34:12","date_gmt":"2015-12-07T10:34:12","guid":{"rendered":"http:\/\/www.andreclaude.fr\/web\/index.php\/produit\/tomme-corse-part-env-200-grs\/"},"modified":"2018-10-06T10:19:47","modified_gmt":"2018-10-06T09:19:47","slug":"tomme-corse-part-env-200-grs","status":"publish","type":"product","link":"https:\/\/www.andreclaude.fr\/web\/index.php\/produit\/tomme-corse-part-env-200-grs\/","title":{"rendered":"Tomme Corse part environ 200g"},"content":{"rendered":"<p>Fromagerie affineur<\/p>\n<ul>\n<li><strong>Fromagerie Ottavi<\/strong><\/li>\n<li>ROUTE DE LA GARE<\/li>\n<li>20240 GHISONACCIA<\/li>\n<\/ul>\n<p>&nbsp;<\/p>\n","protected":false},"excerpt":{"rendered":"<p>Cette tomme de brebis est fabriqu\u00e9e de mani\u00e8re traditionnelle en Corse. Sa p\u00e2te a de doux parfums de noisette ainsi qu\u2019un subtil go\u00fbt de lait brebis.Elle s\u2019accompagne \u00e0 merveille de confiture de figues ou de cerises noires.<\/p>\n<p>Ingr\u00e9dients :\u00a0<strong>lait<\/strong> de brebis pasteuris\u00e9, sel, pr\u00e9sure et ferments.<\/p>\n<p>&nbsp;<\/p>\n<p>Valeurs nutritionnelles moyennes pour 100g<\/p>\n<p>Energie : 1597kj\/385kcal<\/p>\n<p>Mati\u00e8res grasses : 32.4g dont acides gras satur\u00e9s 17.51g<\/p>\n<p>Glucides : 3.3% dont sucres 0g<\/p>\n<p>Prot\u00e9ines : 21g<\/p>\n<p>Sel : 1.8g<\/p>\n<p>&nbsp;<\/p>\n<p>&nbsp;<\/p>\n","protected":false},"featured_media":7442,"comment_status":"closed","ping_status":"closed","template":"","meta":[],"product_cat":[194,165],"product_tag":[],"jetpack_publicize_connections":[],"_links":{"self":[{"href":"https:\/\/www.andreclaude.fr\/web\/index.php\/wp-json\/wp\/v2\/product\/5654"}],"collection":[{"href":"https:\/\/www.andreclaude.fr\/web\/index.php\/wp-json\/wp\/v2\/product"}],"about":[{"href":"https:\/\/www.andreclaude.fr\/web\/index.php\/wp-json\/wp\/v2\/types\/product"}],"replies":[{"embeddable":true,"href":"https:\/\/www.andreclaude.fr\/web\/index.php\/wp-json\/wp\/v2\/comments?post=5654"}],"wp:featuredmedia":[{"embeddable":true,"href":"https:\/\/www.andreclaude.fr\/web\/index.php\/wp-json\/wp\/v2\/media\/7442"}],"wp:attachment":[{"href":"https:\/\/www.andreclaude.fr\/web\/index.php\/wp-json\/wp\/v2\/media?parent=5654"}],"wp:term":[{"taxonomy":"product_cat","embeddable":true,"href":"https:\/\/www.andreclaude.fr\/web\/index.php\/wp-json\/wp\/v2\/product_cat?post=5654"},{"taxonomy":"product_tag","embeddable":true,"href":"https:\/\/www.andreclaude.fr\/web\/index.php\/wp-json\/wp\/v2\/product_tag?post=5654"}],"curies":[{"name":"wp","href":"https:\/\/api.w.org\/{rel}","templated":true}]}}