{"id":5650,"date":"2015-12-07T11:34:12","date_gmt":"2015-12-07T10:34:12","guid":{"rendered":"http:\/\/www.andreclaude.fr\/web\/index.php\/produit\/mont-dor-500-grs\/"},"modified":"2025-10-24T04:04:20","modified_gmt":"2025-10-24T03:04:20","slug":"mont-dor-500-grs","status":"publish","type":"product","link":"https:\/\/www.andreclaude.fr\/web\/index.php\/produit\/mont-dor-500-grs\/","title":{"rendered":"Mont d&rsquo;or au lait cru la boite de 500g"},"content":{"rendered":"<p>Fabriqu\u00e9 dans le Haut Doubs par les Monts de Joux 25560 Bannans<\/p>\n","protected":false},"excerpt":{"rendered":"<p>Fromage au <strong>lait<\/strong> cru de vache. Voil\u00e0 un fromage saisonnier qu&rsquo;il est plaisant de retrouver chaque hiver sur sa table ! Vous pouvez le manger chaud: Mettre le couvercle du Mont d&rsquo;Or sous la bo\u00eete. Creuser le milieu du Mont d&rsquo;Or \u00e0 l&rsquo;aide d&rsquo;une cuill\u00e8re et verser les 5 cl de vin blanc. Disposer la bo\u00eete dans le four d\u00e9j\u00e0 pr\u00e9chauff\u00e9 \u00e0 220\u00b0C laisser le Mont d&rsquo;Or pendant 25 min.Servir le Mont d&rsquo;Or chaud \u00e0 la cuill\u00e8re sur de la charcuterie et des pommes de terre.<\/p>\n<p>\u00c0 d\u00e9guster sans mod\u00e9ration, seul ou entre amis\u00a0!<\/p>\n<p>Ingr\u00e9dients : lait, sel, pr\u00e9sure, ferments lactiques<\/p>\n<p>Valeurs nutritionnelles moyennes pour 100g<\/p>\n<p>Energie : 1186kj\/286kcal<\/p>\n<p>Mati\u00e8res grasses :24g dont acides gras satur\u00e9s : 17g<\/p>\n<p>Glucides : 0.5g dont sucres : 0.5g<\/p>\n<p>Prot\u00e9ines : 17g<\/p>\n<p>Sel : 1.5g<\/p>\n<p>&nbsp;<\/p>\n<p>&nbsp;<\/p>\n<p>&nbsp;<\/p>\n","protected":false},"featured_media":18889,"comment_status":"closed","ping_status":"closed","template":"","meta":[],"product_cat":[194,165],"product_tag":[],"jetpack_publicize_connections":[],"_links":{"self":[{"href":"https:\/\/www.andreclaude.fr\/web\/index.php\/wp-json\/wp\/v2\/product\/5650"}],"collection":[{"href":"https:\/\/www.andreclaude.fr\/web\/index.php\/wp-json\/wp\/v2\/product"}],"about":[{"href":"https:\/\/www.andreclaude.fr\/web\/index.php\/wp-json\/wp\/v2\/types\/product"}],"replies":[{"embeddable":true,"href":"https:\/\/www.andreclaude.fr\/web\/index.php\/wp-json\/wp\/v2\/comments?post=5650"}],"wp:featuredmedia":[{"embeddable":true,"href":"https:\/\/www.andreclaude.fr\/web\/index.php\/wp-json\/wp\/v2\/media\/18889"}],"wp:attachment":[{"href":"https:\/\/www.andreclaude.fr\/web\/index.php\/wp-json\/wp\/v2\/media?parent=5650"}],"wp:term":[{"taxonomy":"product_cat","embeddable":true,"href":"https:\/\/www.andreclaude.fr\/web\/index.php\/wp-json\/wp\/v2\/product_cat?post=5650"},{"taxonomy":"product_tag","embeddable":true,"href":"https:\/\/www.andreclaude.fr\/web\/index.php\/wp-json\/wp\/v2\/product_tag?post=5650"}],"curies":[{"name":"wp","href":"https:\/\/api.w.org\/{rel}","templated":true}]}}