{"id":5646,"date":"2015-12-07T11:34:06","date_gmt":"2015-12-07T10:34:06","guid":{"rendered":"http:\/\/www.andreclaude.fr\/web\/index.php\/produit\/roule-ail-et-fines-herbes-part-env-150-grs\/"},"modified":"2022-07-19T08:59:13","modified_gmt":"2022-07-19T07:59:13","slug":"roule-ail-et-fines-herbes-part-env-150-grs","status":"publish","type":"product","link":"https:\/\/www.andreclaude.fr\/web\/index.php\/produit\/roule-ail-et-fines-herbes-part-env-150-grs\/","title":{"rendered":"Roul\u00e9 ail et fine herbe part environ 100 grs"},"content":{"rendered":"<p>Fabriqu\u00e9 par :<\/p>\n<p>Laiteries H.TRIBALLAT<\/p>\n<p>18220 RIANS<\/p>\n<p>&nbsp;<\/p>\n","protected":false},"excerpt":{"rendered":"<p>Le Roul\u00e9 est un fromage de vache frais fabriqu\u00e9 dans notre fromagerie des Vosges. Son go\u00fbt \u00e9quilibr\u00e9 d\u2019ail et de fines herbes et sa texture onctueuse en font une sp\u00e9cialit\u00e9 incontournable du plateau de fromage.<\/p>\n<p>Ingr\u00e9dients : <strong>Lait<\/strong> et<strong> cr\u00e8me<\/strong> pasteuris\u00e9s, sel, amidon, ail (0.7%), fines herbes (0.4%), conservateur : acide sorbique, acidifiant : acide citrique, ferments, ar\u00f4me naturel d&rsquo;ail, extrait de romarin.<\/p>\n<p><strong>Lait<\/strong> origine France.<\/p>\n<p>65% MG\/ES<\/p>\n<p>Valeurs nutritionnelles pour 100 g :<\/p>\n<p>Energie: 1245kj\/301kcal<\/p>\n<p>Mati\u00e8res grasses : 28g dont acides gras satur\u00e9s : 19g<\/p>\n<p>Glucides : 5 g dont sucres 2.7g<\/p>\n<p>Prot\u00e9ines : 7.3g<\/p>\n<p>Sel : 1.2g<\/p>\n<p>&nbsp;<\/p>\n","protected":false},"featured_media":7415,"comment_status":"closed","ping_status":"closed","template":"","meta":[],"product_cat":[194,167],"product_tag":[],"jetpack_publicize_connections":[],"_links":{"self":[{"href":"https:\/\/www.andreclaude.fr\/web\/index.php\/wp-json\/wp\/v2\/product\/5646"}],"collection":[{"href":"https:\/\/www.andreclaude.fr\/web\/index.php\/wp-json\/wp\/v2\/product"}],"about":[{"href":"https:\/\/www.andreclaude.fr\/web\/index.php\/wp-json\/wp\/v2\/types\/product"}],"replies":[{"embeddable":true,"href":"https:\/\/www.andreclaude.fr\/web\/index.php\/wp-json\/wp\/v2\/comments?post=5646"}],"wp:featuredmedia":[{"embeddable":true,"href":"https:\/\/www.andreclaude.fr\/web\/index.php\/wp-json\/wp\/v2\/media\/7415"}],"wp:attachment":[{"href":"https:\/\/www.andreclaude.fr\/web\/index.php\/wp-json\/wp\/v2\/media?parent=5646"}],"wp:term":[{"taxonomy":"product_cat","embeddable":true,"href":"https:\/\/www.andreclaude.fr\/web\/index.php\/wp-json\/wp\/v2\/product_cat?post=5646"},{"taxonomy":"product_tag","embeddable":true,"href":"https:\/\/www.andreclaude.fr\/web\/index.php\/wp-json\/wp\/v2\/product_tag?post=5646"}],"curies":[{"name":"wp","href":"https:\/\/api.w.org\/{rel}","templated":true}]}}