{"id":5643,"date":"2015-12-07T11:34:06","date_gmt":"2015-12-07T10:34:06","guid":{"rendered":"http:\/\/www.andreclaude.fr\/web\/index.php\/produit\/beaufort-petite-part-env-150-grs\/"},"modified":"2024-12-27T08:08:39","modified_gmt":"2024-12-27T07:08:39","slug":"beaufort-petite-part-env-150-grs","status":"publish","type":"product","link":"https:\/\/www.andreclaude.fr\/web\/index.php\/produit\/beaufort-petite-part-env-150-grs\/","title":{"rendered":"Beaufort de Savoie part env. 200g"},"content":{"rendered":"<p>Fromagerie CONUS<\/p>\n<p>74930 PERS JUSSY<\/p>\n<p>Haute Savoie<\/p>\n","protected":false},"excerpt":{"rendered":"<p>Le Beaufort s\u2019appr\u00e9cie tr\u00e8s bien en fin de repas, mais aussi en ap\u00e9ritif, coup\u00e9 en petits cubes. Il sert \u00e0 confectionner la fondue savoyarde et entre dans la composition de tartes, de gratins&#8230;<\/p>\n<p>Fromage \u00e0 p\u00e2te press\u00e9e cuite au <strong>Lait<\/strong> cru<\/p>\n<p>Ingr\u00e9dients : <strong>lait<\/strong> cru entier sel ferments lactiques (<strong>lait<\/strong>) pr\u00e9sure animale.<\/p>\n<p>Valeurs nutritionnelles moyennes pour 100g<\/p>\n<p>energie : 1630kj\/393kcal<\/p>\n<p>Mati\u00e8res grasses : 30g dont acides gras satur\u00e9s : 20g<\/p>\n<p>Glucides : 0g dont sucres 0g<\/p>\n<p>Prot\u00e9ines : 27g<\/p>\n<p>Sel : 1.3g<\/p>\n<p>&nbsp;<\/p>\n<p>&nbsp;<\/p>\n","protected":false},"featured_media":5644,"comment_status":"closed","ping_status":"closed","template":"","meta":[],"product_cat":[194,165],"product_tag":[],"jetpack_publicize_connections":[],"_links":{"self":[{"href":"https:\/\/www.andreclaude.fr\/web\/index.php\/wp-json\/wp\/v2\/product\/5643"}],"collection":[{"href":"https:\/\/www.andreclaude.fr\/web\/index.php\/wp-json\/wp\/v2\/product"}],"about":[{"href":"https:\/\/www.andreclaude.fr\/web\/index.php\/wp-json\/wp\/v2\/types\/product"}],"replies":[{"embeddable":true,"href":"https:\/\/www.andreclaude.fr\/web\/index.php\/wp-json\/wp\/v2\/comments?post=5643"}],"wp:featuredmedia":[{"embeddable":true,"href":"https:\/\/www.andreclaude.fr\/web\/index.php\/wp-json\/wp\/v2\/media\/5644"}],"wp:attachment":[{"href":"https:\/\/www.andreclaude.fr\/web\/index.php\/wp-json\/wp\/v2\/media?parent=5643"}],"wp:term":[{"taxonomy":"product_cat","embeddable":true,"href":"https:\/\/www.andreclaude.fr\/web\/index.php\/wp-json\/wp\/v2\/product_cat?post=5643"},{"taxonomy":"product_tag","embeddable":true,"href":"https:\/\/www.andreclaude.fr\/web\/index.php\/wp-json\/wp\/v2\/product_tag?post=5643"}],"curies":[{"name":"wp","href":"https:\/\/api.w.org\/{rel}","templated":true}]}}