{"id":5638,"date":"2015-12-07T11:34:06","date_gmt":"2015-12-07T10:34:06","guid":{"rendered":"http:\/\/www.andreclaude.fr\/web\/index.php\/produit\/cotes-de-nuits-blanc-150-cl-2005\/"},"modified":"2025-03-27T11:06:59","modified_gmt":"2025-03-27T10:06:59","slug":"cotes-de-nuits-blanc-150-cl-2005","status":"publish","type":"product","link":"https:\/\/www.andreclaude.fr\/web\/index.php\/produit\/cotes-de-nuits-blanc-150-cl-2005\/","title":{"rendered":"L.J. Ch\u00e2teau des Jacques Moulin-\u00e0-Vent 150 cl 2022"},"content":{"rendered":"","protected":false},"excerpt":{"rendered":"<p>Louis Jadot. Le Moulin-\u00e0-Vent est un vin structur\u00e9, charpent\u00e9, charnu, particuli\u00e8rement velout\u00e9 et tendre en bouche. Avec sa robe rubis fonc\u00e9, il d\u00e9gage des ar\u00f4mes d&rsquo;iris, de roses fan\u00e9es, d&rsquo;\u00e9pices et de fruits murs. Il peut s&rsquo;appr\u00e9cier jeune avec des viandes rouges ou blanches et avec des plats plus cors\u00e9s (gibier) apr\u00e8s quelques ann\u00e9es de garde.<\/p>\n<p>Alcool 13 % Contient des sulfites.<\/p>\n<p>Maison Louis Jadot <span class=\"LrzXr\">Route de Savigny, 21200 Beaune<\/span><\/p>\n<p>La consommation de boissons alcoolis\u00e9es pendant la grossesse, m\u00eame en faible quantit\u00e9, peut avoir des cons\u00e9quences graves sur la sant\u00e9 de l\u2019enfant.<\/p>\n<p>LA VENTE D ALCOOL EST INTERDITE AUX MINEURS.<\/p>\n<p>L ABUS D ALCOOL EST DANGEREUX POUR LA SANTE. A CONSOMMER AVEC MODERATION.<\/p>\n","protected":false},"featured_media":14659,"comment_status":"closed","ping_status":"closed","template":"","meta":[],"product_cat":[194,156],"product_tag":[],"jetpack_publicize_connections":[],"_links":{"self":[{"href":"https:\/\/www.andreclaude.fr\/web\/index.php\/wp-json\/wp\/v2\/product\/5638"}],"collection":[{"href":"https:\/\/www.andreclaude.fr\/web\/index.php\/wp-json\/wp\/v2\/product"}],"about":[{"href":"https:\/\/www.andreclaude.fr\/web\/index.php\/wp-json\/wp\/v2\/types\/product"}],"replies":[{"embeddable":true,"href":"https:\/\/www.andreclaude.fr\/web\/index.php\/wp-json\/wp\/v2\/comments?post=5638"}],"wp:featuredmedia":[{"embeddable":true,"href":"https:\/\/www.andreclaude.fr\/web\/index.php\/wp-json\/wp\/v2\/media\/14659"}],"wp:attachment":[{"href":"https:\/\/www.andreclaude.fr\/web\/index.php\/wp-json\/wp\/v2\/media?parent=5638"}],"wp:term":[{"taxonomy":"product_cat","embeddable":true,"href":"https:\/\/www.andreclaude.fr\/web\/index.php\/wp-json\/wp\/v2\/product_cat?post=5638"},{"taxonomy":"product_tag","embeddable":true,"href":"https:\/\/www.andreclaude.fr\/web\/index.php\/wp-json\/wp\/v2\/product_tag?post=5638"}],"curies":[{"name":"wp","href":"https:\/\/api.w.org\/{rel}","templated":true}]}}