{"id":5628,"date":"2015-12-07T11:34:00","date_gmt":"2015-12-07T10:34:00","guid":{"rendered":"http:\/\/www.andreclaude.fr\/web\/index.php\/produit\/beaujolais-x-12\/"},"modified":"2025-11-20T06:02:51","modified_gmt":"2025-11-20T05:02:51","slug":"beaujolais-x-12","status":"publish","type":"product","link":"https:\/\/www.andreclaude.fr\/web\/index.php\/produit\/beaujolais-x-12\/","title":{"rendered":"Beaujolais nouveau Mommessin Promo les 6 bouteilles"},"content":{"rendered":"","protected":false},"excerpt":{"rendered":"<div id=\"tab-description\" class=\"woocommerce-Tabs-panel woocommerce-Tabs-panel--description panel entry-content wc-tab\">\n<p class=\" text-justify\">Alcool 12.5 % Contient des sulfites.<\/p>\n<p class=\" text-justify\">Mommessin Quinci\u00e9 France<\/p>\n<p class=\" text-justify\">La consommation de boissons alcoolis\u00e9es pendant la grossesse, m\u00eame en faible quantit\u00e9, peut avoir des cons\u00e9quences graves sur la sant\u00e9 de l\u2019enfant.<\/p>\n<p class=\" text-justify\">L ABUS D ALCOOL EST DANGEREUX POUR LA SANTE. A CONSOMMER AVEC MODERATION.<\/p>\n<p class=\" text-justify\">LA VENTE D ALCOOL EST INTERDITE AUX MINEURS.<\/p>\n<\/div>\n","protected":false},"featured_media":20785,"comment_status":"closed","ping_status":"closed","template":"","meta":[],"product_cat":[194,156],"product_tag":[],"jetpack_publicize_connections":[],"_links":{"self":[{"href":"https:\/\/www.andreclaude.fr\/web\/index.php\/wp-json\/wp\/v2\/product\/5628"}],"collection":[{"href":"https:\/\/www.andreclaude.fr\/web\/index.php\/wp-json\/wp\/v2\/product"}],"about":[{"href":"https:\/\/www.andreclaude.fr\/web\/index.php\/wp-json\/wp\/v2\/types\/product"}],"replies":[{"embeddable":true,"href":"https:\/\/www.andreclaude.fr\/web\/index.php\/wp-json\/wp\/v2\/comments?post=5628"}],"wp:featuredmedia":[{"embeddable":true,"href":"https:\/\/www.andreclaude.fr\/web\/index.php\/wp-json\/wp\/v2\/media\/20785"}],"wp:attachment":[{"href":"https:\/\/www.andreclaude.fr\/web\/index.php\/wp-json\/wp\/v2\/media?parent=5628"}],"wp:term":[{"taxonomy":"product_cat","embeddable":true,"href":"https:\/\/www.andreclaude.fr\/web\/index.php\/wp-json\/wp\/v2\/product_cat?post=5628"},{"taxonomy":"product_tag","embeddable":true,"href":"https:\/\/www.andreclaude.fr\/web\/index.php\/wp-json\/wp\/v2\/product_tag?post=5628"}],"curies":[{"name":"wp","href":"https:\/\/api.w.org\/{rel}","templated":true}]}}