{"id":5595,"date":"2015-12-07T11:33:32","date_gmt":"2015-12-07T10:33:32","guid":{"rendered":"http:\/\/www.andreclaude.fr\/web\/index.php\/produit\/muscadet-sevre-et-maine-sur-lie-2012\/"},"modified":"2024-12-30T08:38:23","modified_gmt":"2024-12-30T07:38:23","slug":"muscadet-sevre-et-maine-sur-lie-2012","status":"publish","type":"product","link":"https:\/\/www.andreclaude.fr\/web\/index.php\/produit\/muscadet-sevre-et-maine-sur-lie-2012\/","title":{"rendered":"Muscadet S\u00e8vre et Maine 75 cl 2023"},"content":{"rendered":"<p>PROMO<\/p>\n","protected":false},"excerpt":{"rendered":"<p>Nez floral, sur des ar\u00f4mes de fleurs jaunes, et apr\u00e8s ouverture, sur de petites notes de fruits secs. En bouche, une attaque franche, souple et \u00e9quilibr\u00e9e. Belle longueur, tout en \u00e9l\u00e9gance et en finesse, pour ce vin qui se d\u00e9guste aussi bien \u00e0 l&rsquo;ap\u00e9ritif qu&rsquo;avec des moules marini\u00e8res, des crevettes et des poissons en papillote.<br \/>\nA consommer jeune (dans les 2 ans) \u00e0 une temp\u00e9rature de d\u00e9gustation entre 10 \u00e0 12\u00b0C.<\/p>\n<p>Alcool 12 % Contient des sulfites.<\/p>\n<p>La consommation de boissons alcoolis\u00e9es pendant la grossesse, m\u00eame en faible quantit\u00e9, peut avoir des cons\u00e9quences graves sur la sant\u00e9 de l\u2019enfant.<\/p>\n<p>L ABUS D ALCOOL EST DANGEREUX POUR LA SANTE. A CONSOMMER AVEC MODERATION.<\/p>\n<p>LA VENTE D ALCOOL EST INTERDITE AUX MINEURS.<\/p>\n<p>&nbsp;<\/p>\n","protected":false},"featured_media":11597,"comment_status":"closed","ping_status":"closed","template":"","meta":[],"product_cat":[194,163],"product_tag":[],"jetpack_publicize_connections":[],"_links":{"self":[{"href":"https:\/\/www.andreclaude.fr\/web\/index.php\/wp-json\/wp\/v2\/product\/5595"}],"collection":[{"href":"https:\/\/www.andreclaude.fr\/web\/index.php\/wp-json\/wp\/v2\/product"}],"about":[{"href":"https:\/\/www.andreclaude.fr\/web\/index.php\/wp-json\/wp\/v2\/types\/product"}],"replies":[{"embeddable":true,"href":"https:\/\/www.andreclaude.fr\/web\/index.php\/wp-json\/wp\/v2\/comments?post=5595"}],"wp:featuredmedia":[{"embeddable":true,"href":"https:\/\/www.andreclaude.fr\/web\/index.php\/wp-json\/wp\/v2\/media\/11597"}],"wp:attachment":[{"href":"https:\/\/www.andreclaude.fr\/web\/index.php\/wp-json\/wp\/v2\/media?parent=5595"}],"wp:term":[{"taxonomy":"product_cat","embeddable":true,"href":"https:\/\/www.andreclaude.fr\/web\/index.php\/wp-json\/wp\/v2\/product_cat?post=5595"},{"taxonomy":"product_tag","embeddable":true,"href":"https:\/\/www.andreclaude.fr\/web\/index.php\/wp-json\/wp\/v2\/product_tag?post=5595"}],"curies":[{"name":"wp","href":"https:\/\/api.w.org\/{rel}","templated":true}]}}