{"id":5588,"date":"2015-12-07T11:33:32","date_gmt":"2015-12-07T10:33:32","guid":{"rendered":"http:\/\/www.andreclaude.fr\/web\/index.php\/produit\/chinon-cuvee-medievale-2012\/"},"modified":"2025-08-12T08:32:41","modified_gmt":"2025-08-12T07:32:41","slug":"chinon-cuvee-medievale-2012","status":"publish","type":"product","link":"https:\/\/www.andreclaude.fr\/web\/index.php\/produit\/chinon-cuvee-medievale-2012\/","title":{"rendered":"Chinon Prends Moi 75 cl 2023"},"content":{"rendered":"","protected":false},"excerpt":{"rendered":"<p>Quand le terroir se conjugue au f\u00e9minin !!!<\/p>\n<p>Clothilde Pain le Chinon au F\u00e9minin<\/p>\n<p>Issue d\u2019une lign\u00e9e de vignerons, berc\u00e9e depuis l\u2019enfance aux rythmes des vendanges et des saisons, j\u2019ai su depuis toujours que je poursuivrais la m\u00eame route que mes a\u00efeux en cultivant ce vignoble Chinonais qui m\u2019a vu grandir.<\/p>\n<div class=\"col-lg-5 col-md-5 col-sm-4 hidden-xs posit_bottom\">\n<div id=\"desc_larobe\" class=\"desc_left colorblanc scrollme animateme\" data-when=\"enter\" data-from=\"0.8\" data-to=\"0\" data-opacity=\"0\" data-translatex=\"-400\">\n<div class=\"titre_desc_cuvee\">\n<p>SA ROBE Un rouge soutenu<\/p>\n<\/div>\n<\/div>\n<div class=\"titre_desc_cuvee\">\n<p>SON CARACT\u00c8RE Une large palette de saveurs de fruits rouges et noirs enrobent parfaitement ses notes \u00e9pic\u00e9es<\/p>\n<p>SON ORIGINE <span class=\"weight400\">C\u00e9page :<\/span> 100 % Cabernet Franc, <span class=\"weight400\">Terroir :<\/span> Sable et gravier, <span class=\"weight400\">\u00c9levage :<\/span> infusion lente sous marc, puis \u00e9levage en cuve b\u00e9ton pendant 6 mois<\/p>\n<\/div>\n<div class=\"titre_desc_cuvee\">\n<p class=\"col-lg-2 col-md-2 col-sm-4 col-xs-8 col-xs-offset-2 col-sm-offset-0 posit_bottom\">PRENEZ-L\u00c0 Pour un moment de partage, pour des amis, pour le plaisir, pour une planchette charcut&rsquo;&#8230; Elle est simple, franche et sait \u00eatre patiente !<\/p>\n<\/div>\n<\/div>\n<div class=\"col-lg-5 col-md-5 col-sm-4 hidden-xs posit_bottom\">\n<p>Alcool 12,5 % Contient des sulfites.<\/p>\n<p>Domaine de la Commanderie 37220 Panzoult<\/p>\n<p>La consommation de boissons alcoolis\u00e9es pendant la grossesse, m\u00eame en faible quantit\u00e9, peut avoir des cons\u00e9quences graves sur la sant\u00e9 de l\u2019enfant.<\/p>\n<p>LA VENTE D ALCOOL EST INTERDITE AUX MINEURS.<\/p>\n<p>L ABUS D ALCOOL EST DANGEREUX POUR LA SANTE. A CONSOMMER AVEC MODERATION<\/p>\n<\/div>\n","protected":false},"featured_media":14632,"comment_status":"closed","ping_status":"closed","template":"","meta":[],"product_cat":[194,163],"product_tag":[],"jetpack_publicize_connections":[],"_links":{"self":[{"href":"https:\/\/www.andreclaude.fr\/web\/index.php\/wp-json\/wp\/v2\/product\/5588"}],"collection":[{"href":"https:\/\/www.andreclaude.fr\/web\/index.php\/wp-json\/wp\/v2\/product"}],"about":[{"href":"https:\/\/www.andreclaude.fr\/web\/index.php\/wp-json\/wp\/v2\/types\/product"}],"replies":[{"embeddable":true,"href":"https:\/\/www.andreclaude.fr\/web\/index.php\/wp-json\/wp\/v2\/comments?post=5588"}],"wp:featuredmedia":[{"embeddable":true,"href":"https:\/\/www.andreclaude.fr\/web\/index.php\/wp-json\/wp\/v2\/media\/14632"}],"wp:attachment":[{"href":"https:\/\/www.andreclaude.fr\/web\/index.php\/wp-json\/wp\/v2\/media?parent=5588"}],"wp:term":[{"taxonomy":"product_cat","embeddable":true,"href":"https:\/\/www.andreclaude.fr\/web\/index.php\/wp-json\/wp\/v2\/product_cat?post=5588"},{"taxonomy":"product_tag","embeddable":true,"href":"https:\/\/www.andreclaude.fr\/web\/index.php\/wp-json\/wp\/v2\/product_tag?post=5588"}],"curies":[{"name":"wp","href":"https:\/\/api.w.org\/{rel}","templated":true}]}}