{"id":5578,"date":"2015-12-07T11:33:23","date_gmt":"2015-12-07T10:33:23","guid":{"rendered":"http:\/\/www.andreclaude.fr\/web\/index.php\/produit\/domaine-du-tariquet-1eres-grives-2012\/"},"modified":"2024-12-30T09:27:48","modified_gmt":"2024-12-30T08:27:48","slug":"domaine-du-tariquet-1eres-grives-2012","status":"publish","type":"product","link":"https:\/\/www.andreclaude.fr\/web\/index.php\/produit\/domaine-du-tariquet-1eres-grives-2012\/","title":{"rendered":"Domaine du Tariquet premi\u00e8res Grives 75 cl 2023"},"content":{"rendered":"","protected":false},"excerpt":{"rendered":"<p><span class=\"text-geneva-normal\">A l&rsquo;arriv\u00e9e des premi\u00e8res grives, lors des premiers frimas de l&rsquo;automne, d\u00e9bute la r\u00e9colte des c\u00e9pages tardifs. De ces grappes \u00e0 la maturit\u00e9 avanc\u00e9e encore garnie de grains gorg\u00e9s de sucre et de plaisir est issu un vin fin, \u00e9l\u00e9gant et typ\u00e9.<br \/>\nLe caract\u00e8re est exotique et gourmand. La bouche est pleine et poss\u00e8de une grande fra\u00eecheur qui dynamise l&rsquo;ensemble. Moment de bonheur imm\u00e9diat, un vrai moelleux \u00e9quilibr\u00e9 laissant place \u00e0 une finale de raisin frais&#8230; <\/span>Dangereusement bon, cette cuv\u00e9e a fait la notori\u00e9t\u00e9 et le succ\u00e8s du Domaine Tariquet.\u00a0Ne pas le conna\u00eetre est un p\u00e9ch\u00e9&#8230; C&rsquo;est un vin qui se glisse entre 2 sensations : celle d&rsquo;une onctuosit\u00e9 enj\u00f4leuse, conjugu\u00e9e \u00e0 une profonde fra\u00eecheur. Ce duo moelleux\/fra\u00eecheur, qui fonctionne \u00e0 merveille, lui donne cette originalit\u00e9 si recherch\u00e9e. Le plaisir de se faire plaisir !<\/p>\n<p>C&rsquo;est un vin qui se glisse entre deux sensations. Celle d&rsquo;une onctuosit\u00e9 enj\u00f4leuse dispens\u00e9e par une force contenue. Il est re\u00e7u comme un plaisir t\u00e9m\u00e9raire, fait pour d\u00e9clencher un frisson inattendu. Il appelle imm\u00e9diatement \u00e0 reproduire cet effet de surprise, \u00e0 s&rsquo;encanailler en sa compagnie. C&rsquo;est un vin que l&rsquo;on doit boire avec mod\u00e9ration mais en laissant sa raison entre parenth\u00e8ses.<\/p>\n<p class=\" text-justify\">Alcool 11.5 % Contient des sulfites.<\/p>\n<p class=\" text-justify\">La consommation de boissons alcoolis\u00e9es pendant la grossesse, m\u00eame en faible quantit\u00e9, peut avoir des cons\u00e9quences graves sur la sant\u00e9 de l\u2019enfant.<\/p>\n<p class=\" text-justify\">L ABUS D ALCOOL EST DANGEREUX POUR LA SANTE. A CONSOMMER AVEC MODERATION.<\/p>\n<p class=\" text-justify\">LA VENTE D ALCOOL EST INTERDITE AUX MINEURS.<\/p>\n<p>Domaine du Tariquet 32800 Eauze<br \/>\nFoie gras<\/p>\n","protected":false},"featured_media":7289,"comment_status":"closed","ping_status":"closed","template":"","meta":[],"product_cat":[194,162],"product_tag":[],"jetpack_publicize_connections":[],"_links":{"self":[{"href":"https:\/\/www.andreclaude.fr\/web\/index.php\/wp-json\/wp\/v2\/product\/5578"}],"collection":[{"href":"https:\/\/www.andreclaude.fr\/web\/index.php\/wp-json\/wp\/v2\/product"}],"about":[{"href":"https:\/\/www.andreclaude.fr\/web\/index.php\/wp-json\/wp\/v2\/types\/product"}],"replies":[{"embeddable":true,"href":"https:\/\/www.andreclaude.fr\/web\/index.php\/wp-json\/wp\/v2\/comments?post=5578"}],"wp:featuredmedia":[{"embeddable":true,"href":"https:\/\/www.andreclaude.fr\/web\/index.php\/wp-json\/wp\/v2\/media\/7289"}],"wp:attachment":[{"href":"https:\/\/www.andreclaude.fr\/web\/index.php\/wp-json\/wp\/v2\/media?parent=5578"}],"wp:term":[{"taxonomy":"product_cat","embeddable":true,"href":"https:\/\/www.andreclaude.fr\/web\/index.php\/wp-json\/wp\/v2\/product_cat?post=5578"},{"taxonomy":"product_tag","embeddable":true,"href":"https:\/\/www.andreclaude.fr\/web\/index.php\/wp-json\/wp\/v2\/product_tag?post=5578"}],"curies":[{"name":"wp","href":"https:\/\/api.w.org\/{rel}","templated":true}]}}