{"id":5576,"date":"2015-12-07T11:33:23","date_gmt":"2015-12-07T10:33:23","guid":{"rendered":"http:\/\/www.andreclaude.fr\/web\/index.php\/produit\/domaine-du-tariquet-rose-2013\/"},"modified":"2024-12-30T09:27:36","modified_gmt":"2024-12-30T08:27:36","slug":"domaine-du-tariquet-rose-2013","status":"publish","type":"product","link":"https:\/\/www.andreclaude.fr\/web\/index.php\/produit\/domaine-du-tariquet-rose-2013\/","title":{"rendered":"Domaine du Tariquet ros\u00e9 75 cl 2023"},"content":{"rendered":"","protected":false},"excerpt":{"rendered":"<p>41.70 \u20ac le carton de 6 bouteilles soit 5.90 \u20ac la bouteille<\/p>\n<p>&nbsp;<\/p>\n<p><span class=\"text-geneva-normal\">Une robe grenadine, un nez intense et subtil, sur des notes d&rsquo;\u00e9pices douces \u00e9voluant franchement vers un duo gourmand de framboise sauvages et de p\u00e9tales de fleurs. L&rsquo;attaque en bouche est opulente, fra\u00eeche\u2026<br \/>\nLe fruit est gourmand, le vin charnu mais aussi a\u00e9rien, soutenu par une finale l\u00e9g\u00e8rement \u00e9pic\u00e9e.<br \/>\nUn ros\u00e9 de press\u00e9e o\u00f9 les baies de raisin rouge sont vinifi\u00e9es comme celles du blanc\u2026 <\/span><\/p>\n<div align=\"left\"><span class=\"text-soustitre-produit\">Consommation :<\/span><br \/>\n<span class=\"text-geneva-normal\">Servir frais.<br \/>\nA consommer \u00e0 l&rsquo;ap\u00e9ritif ou au cours d&rsquo;un repas.<br \/>\nAccompagne les tapas, la cuisine d&rsquo;\u00e9t\u00e9, italienne, \u00e9pic\u00e9e, exotique\u2026 <\/span><\/div>\n<p class=\" text-justify\">Alcool 11.5 % Contient des sulfites.<\/p>\n<p class=\" text-justify\">La consommation de boissons alcoolis\u00e9es pendant la grossesse, m\u00eame en faible quantit\u00e9, peut avoir des cons\u00e9quences graves sur la sant\u00e9 de l\u2019enfant.<\/p>\n<p class=\" text-justify\">L ABUS D ALCOOL EST DANGEREUX POUR LA SANTE. A CONSOMMER AVEC MODERATION.<\/p>\n<p class=\" text-justify\">LA VENTE D ALCOOL EST INTERDITE AUX MINEURS.<\/p>\n<p>Domaine du Tariquet 32800 Eauze<\/p>\n","protected":false},"featured_media":7023,"comment_status":"closed","ping_status":"closed","template":"","meta":[],"product_cat":[194,162],"product_tag":[],"jetpack_publicize_connections":[],"_links":{"self":[{"href":"https:\/\/www.andreclaude.fr\/web\/index.php\/wp-json\/wp\/v2\/product\/5576"}],"collection":[{"href":"https:\/\/www.andreclaude.fr\/web\/index.php\/wp-json\/wp\/v2\/product"}],"about":[{"href":"https:\/\/www.andreclaude.fr\/web\/index.php\/wp-json\/wp\/v2\/types\/product"}],"replies":[{"embeddable":true,"href":"https:\/\/www.andreclaude.fr\/web\/index.php\/wp-json\/wp\/v2\/comments?post=5576"}],"wp:featuredmedia":[{"embeddable":true,"href":"https:\/\/www.andreclaude.fr\/web\/index.php\/wp-json\/wp\/v2\/media\/7023"}],"wp:attachment":[{"href":"https:\/\/www.andreclaude.fr\/web\/index.php\/wp-json\/wp\/v2\/media?parent=5576"}],"wp:term":[{"taxonomy":"product_cat","embeddable":true,"href":"https:\/\/www.andreclaude.fr\/web\/index.php\/wp-json\/wp\/v2\/product_cat?post=5576"},{"taxonomy":"product_tag","embeddable":true,"href":"https:\/\/www.andreclaude.fr\/web\/index.php\/wp-json\/wp\/v2\/product_tag?post=5576"}],"curies":[{"name":"wp","href":"https:\/\/api.w.org\/{rel}","templated":true}]}}