{"id":5574,"date":"2015-12-07T11:33:23","date_gmt":"2015-12-07T10:33:23","guid":{"rendered":"http:\/\/www.andreclaude.fr\/web\/index.php\/produit\/domaine-du-tariquet-ugni-blanc-2013\/"},"modified":"2024-12-30T09:27:20","modified_gmt":"2024-12-30T08:27:20","slug":"domaine-du-tariquet-ugni-blanc-2013","status":"publish","type":"product","link":"https:\/\/www.andreclaude.fr\/web\/index.php\/produit\/domaine-du-tariquet-ugni-blanc-2013\/","title":{"rendered":"Domaine du Tariquet Ugni Blanc 75 cl 2023"},"content":{"rendered":"","protected":false},"excerpt":{"rendered":"<div id=\"description_courte_content\" class=\"rte align_justify\">\n<p>35.70 \u20ac le carton de 6 bouteilles soit 5.95 \u20ac la bouteille<\/p>\n<p>&nbsp;<\/p>\n<p><span class=\"text-geneva-normal\">Magnifique intensit\u00e9 pour ce vin sec et fruit\u00e9, tr\u00e8s ouvert sur des ar\u00f4mes floraux, d&rsquo;agrumes, dot\u00e9 de belles nuances exotiques.<br \/>\nUn vin tonique, croquant, avec beaucoup de fra\u00eecheur en bouche.<\/span><\/p>\n<p>C\u2019est un vin qui \u00f4te la soif. Dont nous aurions mauvaise gr\u00e2ce \u00e0 ne pas faire sauter le bouchon en toute occasion. Il appelle le verre ballon, les nourritures sal\u00e9es que l\u2019on grignote avant de passer \u00e0 table ou en d\u00e9but de repas. Il fait saliver, pr\u00e9pare la bouche jovialement, incite \u00e0 trinquer, \u00e0 saluer une pr\u00e9sence improviste. C\u2019est un vin qui se boit comme une accolade fraternelle.<\/p>\n<div id=\"tab-description\" class=\"woocommerce-Tabs-panel woocommerce-Tabs-panel--description panel entry-content wc-tab\">\n<p class=\" text-justify\">Alcool 10.5 % Contient des sulfites.<\/p>\n<p class=\" text-justify\">Domaine du Tariquet 32800 Eauze<\/p>\n<p class=\" text-justify\">La consommation de boissons alcoolis\u00e9es pendant la grossesse, m\u00eame en faible quantit\u00e9, peut avoir des cons\u00e9quences graves sur la sant\u00e9 de l\u2019enfant.<\/p>\n<p class=\" text-justify\">L ABUS D ALCOOL EST DANGEREUX POUR LA SANTE. A CONSOMMER AVEC MODERATION.<\/p>\n<p class=\" text-justify\">LA VENTE D ALCOOL EST INTERDITE AUX MINEURS.<\/p>\n<\/div>\n<div id=\"tab-description\" class=\"woocommerce-Tabs-panel woocommerce-Tabs-panel--description panel entry-content wc-tab\"><\/div>\n<\/div>\n","protected":false},"featured_media":5575,"comment_status":"closed","ping_status":"closed","template":"","meta":[],"product_cat":[194,162],"product_tag":[],"jetpack_publicize_connections":[],"_links":{"self":[{"href":"https:\/\/www.andreclaude.fr\/web\/index.php\/wp-json\/wp\/v2\/product\/5574"}],"collection":[{"href":"https:\/\/www.andreclaude.fr\/web\/index.php\/wp-json\/wp\/v2\/product"}],"about":[{"href":"https:\/\/www.andreclaude.fr\/web\/index.php\/wp-json\/wp\/v2\/types\/product"}],"replies":[{"embeddable":true,"href":"https:\/\/www.andreclaude.fr\/web\/index.php\/wp-json\/wp\/v2\/comments?post=5574"}],"wp:featuredmedia":[{"embeddable":true,"href":"https:\/\/www.andreclaude.fr\/web\/index.php\/wp-json\/wp\/v2\/media\/5575"}],"wp:attachment":[{"href":"https:\/\/www.andreclaude.fr\/web\/index.php\/wp-json\/wp\/v2\/media?parent=5574"}],"wp:term":[{"taxonomy":"product_cat","embeddable":true,"href":"https:\/\/www.andreclaude.fr\/web\/index.php\/wp-json\/wp\/v2\/product_cat?post=5574"},{"taxonomy":"product_tag","embeddable":true,"href":"https:\/\/www.andreclaude.fr\/web\/index.php\/wp-json\/wp\/v2\/product_tag?post=5574"}],"curies":[{"name":"wp","href":"https:\/\/api.w.org\/{rel}","templated":true}]}}