{"id":5570,"date":"2015-12-07T11:33:23","date_gmt":"2015-12-07T10:33:23","guid":{"rendered":"http:\/\/www.andreclaude.fr\/web\/index.php\/produit\/buzet-baron-dardeuil-150cl-2009\/"},"modified":"2023-05-11T08:34:01","modified_gmt":"2023-05-11T07:34:01","slug":"buzet-baron-dardeuil-150cl-2009","status":"publish","type":"product","link":"https:\/\/www.andreclaude.fr\/web\/index.php\/produit\/buzet-baron-dardeuil-150cl-2009\/","title":{"rendered":"Buzet Baron D&rsquo; Ardeuil rouge 150 cl 2017"},"content":{"rendered":"","protected":false},"excerpt":{"rendered":"<p>Buzet baron d&rsquo;ardeuil vieilles vignes rouge. Accord: magret de canard grill\u00e9 et sa po\u00eal\u00e9e de c\u00e8pes, c\u00f4te de b\u0153uf grill\u00e9e, tournedos Rossini, r\u00f4ti de veau\u00a0 sauce foresti\u00e8res, cassoulet, b\u0153uf bourguignon, blanquette de veau,\u00a0 confit de canard et tous les fromages.<\/p>\n<p class=\" text-justify\">Alcool 14 % Contient des sulfites.<\/p>\n<p class=\" text-justify\">La consommation de boissons alcoolis\u00e9es pendant la grossesse, m\u00eame en faible quantit\u00e9, peut avoir des cons\u00e9quences graves sur la sant\u00e9 de l\u2019enfant.<\/p>\n<p class=\" text-justify\">L ABUS D ALCOOL EST DANGEREUX POUR LA SANTE. A CONSOMMER AVEC MODERATION.<\/p>\n<p class=\" text-justify\">LA VENTE D ALCOOL EST INTERDITE AUX MINEURS.<\/p>\n<p>Les vignerons de Buzet 47160 Buzet sur Ba\u00efse<\/p>\n","protected":false},"featured_media":7299,"comment_status":"closed","ping_status":"closed","template":"","meta":[],"product_cat":[194,162],"product_tag":[],"jetpack_publicize_connections":[],"_links":{"self":[{"href":"https:\/\/www.andreclaude.fr\/web\/index.php\/wp-json\/wp\/v2\/product\/5570"}],"collection":[{"href":"https:\/\/www.andreclaude.fr\/web\/index.php\/wp-json\/wp\/v2\/product"}],"about":[{"href":"https:\/\/www.andreclaude.fr\/web\/index.php\/wp-json\/wp\/v2\/types\/product"}],"replies":[{"embeddable":true,"href":"https:\/\/www.andreclaude.fr\/web\/index.php\/wp-json\/wp\/v2\/comments?post=5570"}],"wp:featuredmedia":[{"embeddable":true,"href":"https:\/\/www.andreclaude.fr\/web\/index.php\/wp-json\/wp\/v2\/media\/7299"}],"wp:attachment":[{"href":"https:\/\/www.andreclaude.fr\/web\/index.php\/wp-json\/wp\/v2\/media?parent=5570"}],"wp:term":[{"taxonomy":"product_cat","embeddable":true,"href":"https:\/\/www.andreclaude.fr\/web\/index.php\/wp-json\/wp\/v2\/product_cat?post=5570"},{"taxonomy":"product_tag","embeddable":true,"href":"https:\/\/www.andreclaude.fr\/web\/index.php\/wp-json\/wp\/v2\/product_tag?post=5570"}],"curies":[{"name":"wp","href":"https:\/\/api.w.org\/{rel}","templated":true}]}}