{"id":5545,"date":"2015-12-07T11:32:58","date_gmt":"2015-12-07T10:32:58","guid":{"rendered":"http:\/\/www.andreclaude.fr\/web\/index.php\/produit\/creme-de-cassis-lejay-lagoutte\/"},"modified":"2019-12-07T09:10:34","modified_gmt":"2019-12-07T08:10:34","slug":"creme-de-cassis-lejay-lagoutte","status":"publish","type":"product","link":"https:\/\/www.andreclaude.fr\/web\/index.php\/produit\/creme-de-cassis-lejay-lagoutte\/","title":{"rendered":"Cr\u00e8me de Cassis Vedrenne 70 cl"},"content":{"rendered":"","protected":false},"excerpt":{"rendered":"<p>Un nez fruit\u00e9 puissant avec une agr\u00e9able acidit\u00e9 , une belle rondeur.<\/p>\n<p>Bouche : agr\u00e9ablement fruit\u00e9 avec des ar\u00f4mes de baies m\u00fbres bien fondus et une douce finale persistante.<\/p>\n<p>Pr\u00e9sentation en bouteille bourguignonne classique.<\/p>\n<div id=\"short_description_block\">\n<div id=\"short_description_content\" class=\"rte align_justify\">\n<p>Alcool : 15 %<\/p>\n<p>La consommation de boissons alcoolis\u00e9es pendant la grossesse, m\u00eame en faible quantit\u00e9, peut avoir des cons\u00e9quences graves sur la sant\u00e9 de l\u2019enfant.<\/p>\n<\/div>\n<\/div>\n<p>L ABUS D ALCOOL EST DANGEREUX POUR LA SANTE. A CONSOMMER AVEC MODERATION.<\/p>\n<p>LA VENTE D ALCOOL EST INTERDITE AUX MINEURS.<\/p>\n","protected":false},"featured_media":12880,"comment_status":"closed","ping_status":"closed","template":"","meta":[],"product_cat":[194,160],"product_tag":[],"jetpack_publicize_connections":[],"_links":{"self":[{"href":"https:\/\/www.andreclaude.fr\/web\/index.php\/wp-json\/wp\/v2\/product\/5545"}],"collection":[{"href":"https:\/\/www.andreclaude.fr\/web\/index.php\/wp-json\/wp\/v2\/product"}],"about":[{"href":"https:\/\/www.andreclaude.fr\/web\/index.php\/wp-json\/wp\/v2\/types\/product"}],"replies":[{"embeddable":true,"href":"https:\/\/www.andreclaude.fr\/web\/index.php\/wp-json\/wp\/v2\/comments?post=5545"}],"wp:featuredmedia":[{"embeddable":true,"href":"https:\/\/www.andreclaude.fr\/web\/index.php\/wp-json\/wp\/v2\/media\/12880"}],"wp:attachment":[{"href":"https:\/\/www.andreclaude.fr\/web\/index.php\/wp-json\/wp\/v2\/media?parent=5545"}],"wp:term":[{"taxonomy":"product_cat","embeddable":true,"href":"https:\/\/www.andreclaude.fr\/web\/index.php\/wp-json\/wp\/v2\/product_cat?post=5545"},{"taxonomy":"product_tag","embeddable":true,"href":"https:\/\/www.andreclaude.fr\/web\/index.php\/wp-json\/wp\/v2\/product_tag?post=5545"}],"curies":[{"name":"wp","href":"https:\/\/api.w.org\/{rel}","templated":true}]}}