{"id":5540,"date":"2015-12-07T11:32:58","date_gmt":"2015-12-07T10:32:58","guid":{"rendered":"http:\/\/www.andreclaude.fr\/web\/index.php\/produit\/porto-blanc-ramos-pinto\/"},"modified":"2018-10-21T07:00:15","modified_gmt":"2018-10-21T06:00:15","slug":"porto-blanc-ramos-pinto","status":"publish","type":"product","link":"https:\/\/www.andreclaude.fr\/web\/index.php\/produit\/porto-blanc-ramos-pinto\/","title":{"rendered":"Porto blanc Burmester bouteille de 70 cl"},"content":{"rendered":"","protected":false},"excerpt":{"rendered":"<p>Le Porto blanc est \u00e9labor\u00e9 uniquement \u00e0 partir de raisins blancs, de plusieurs r\u00e9coltes. Vieilli en cuve inox pendant 3 ans, il acquiert la complexit\u00e9 de ses ar\u00f4mes et une remarquable fraicheur. Un Porto exotique et d\u00e9licat, id\u00e9al pour une d\u00e9gustation lors de longues et chaudes soir\u00e9es d&rsquo;\u00e9t\u00e9.<\/p>\n<p>Alcool 19,5 % contient des sulfites.<\/p>\n<p>La consommation de boissons alcoolis\u00e9es pendant la grossesse, m\u00eame en faible quantit\u00e9, peut avoir des cons\u00e9quences graves sur la sant\u00e9 de l\u2019enfant.<br \/>\nL ABUS D ALCOOL EST DANGEREUX POUR LA SANTE. A CONSOMMER AVEC MODERATION.<\/p>\n<p>LA VENTE D ALCOOL EST INTERDITE AUX MINEURS.<\/p>\n<p>Portugal Burmester.pt<\/p>\n","protected":false},"featured_media":12718,"comment_status":"closed","ping_status":"closed","template":"","meta":[],"product_cat":[194,160],"product_tag":[],"jetpack_publicize_connections":[],"_links":{"self":[{"href":"https:\/\/www.andreclaude.fr\/web\/index.php\/wp-json\/wp\/v2\/product\/5540"}],"collection":[{"href":"https:\/\/www.andreclaude.fr\/web\/index.php\/wp-json\/wp\/v2\/product"}],"about":[{"href":"https:\/\/www.andreclaude.fr\/web\/index.php\/wp-json\/wp\/v2\/types\/product"}],"replies":[{"embeddable":true,"href":"https:\/\/www.andreclaude.fr\/web\/index.php\/wp-json\/wp\/v2\/comments?post=5540"}],"wp:featuredmedia":[{"embeddable":true,"href":"https:\/\/www.andreclaude.fr\/web\/index.php\/wp-json\/wp\/v2\/media\/12718"}],"wp:attachment":[{"href":"https:\/\/www.andreclaude.fr\/web\/index.php\/wp-json\/wp\/v2\/media?parent=5540"}],"wp:term":[{"taxonomy":"product_cat","embeddable":true,"href":"https:\/\/www.andreclaude.fr\/web\/index.php\/wp-json\/wp\/v2\/product_cat?post=5540"},{"taxonomy":"product_tag","embeddable":true,"href":"https:\/\/www.andreclaude.fr\/web\/index.php\/wp-json\/wp\/v2\/product_tag?post=5540"}],"curies":[{"name":"wp","href":"https:\/\/api.w.org\/{rel}","templated":true}]}}