{"id":5529,"date":"2015-12-07T11:32:47","date_gmt":"2015-12-07T10:32:47","guid":{"rendered":"http:\/\/www.andreclaude.fr\/web\/index.php\/produit\/ruinart-blanc-de-blanc\/"},"modified":"2022-08-04T16:33:51","modified_gmt":"2022-08-04T15:33:51","slug":"ruinart-blanc-de-blanc","status":"publish","type":"product","link":"https:\/\/www.andreclaude.fr\/web\/index.php\/produit\/ruinart-blanc-de-blanc\/","title":{"rendered":"Champagne Ruinart blanc de blanc 75 cl"},"content":{"rendered":"","protected":false},"excerpt":{"rendered":"<header class=\"rt_component_product_titlegroup\">\n<p class=\"rt_titlegroup_main\">Ruinart Blanc de Blancs L&#8217;embl\u00e8me du Go\u00fbt Ruinart<\/p>\n<\/header>\n<p>Le c\u00e9page chardonnay est l&rsquo;\u00e2me de la Maison Ruinart. Son raisin, issu principalement de la C\u00f4te des Blancs et de la Montagne de Reims, est au c\u0153ur de toutes ses cuv\u00e9es.<\/p>\n<p>D&rsquo;une grande puissance aromatique, la cuv\u00e9e blanc de blancs est l&rsquo;expression parfaite du go\u00fbt Ruinart : un nez fin et fruit\u00e9, des notes d&rsquo;agrumes, fruits exotiques et fleurs blanches.<\/p>\n<p>Champagne Ruinart, 4 rue des Cray\u00e8res, 51100 Reims<\/p>\n<p>Alcool : 12,5 % contient des sulfites.<\/p>\n<p>La consommation de boissons alcoolis\u00e9es pendant la grossesse, m\u00eame en faible quantit\u00e9, peut avoir des cons\u00e9quences graves sur la sant\u00e9 de l\u2019enfant.<\/p>\n<p>LA VENTE D ALCOOL EST INTERDITE AUX MINEURS.<\/p>\n<p>L ABUS D ALCOOL EST DANGEREUX POUR LA SANTE. A CONSOMMER AVEC MODERATION.<\/p>\n<p>&nbsp;<\/p>\n","protected":false},"featured_media":6932,"comment_status":"closed","ping_status":"closed","template":"","meta":[],"product_cat":[194,159],"product_tag":[],"jetpack_publicize_connections":[],"_links":{"self":[{"href":"https:\/\/www.andreclaude.fr\/web\/index.php\/wp-json\/wp\/v2\/product\/5529"}],"collection":[{"href":"https:\/\/www.andreclaude.fr\/web\/index.php\/wp-json\/wp\/v2\/product"}],"about":[{"href":"https:\/\/www.andreclaude.fr\/web\/index.php\/wp-json\/wp\/v2\/types\/product"}],"replies":[{"embeddable":true,"href":"https:\/\/www.andreclaude.fr\/web\/index.php\/wp-json\/wp\/v2\/comments?post=5529"}],"wp:featuredmedia":[{"embeddable":true,"href":"https:\/\/www.andreclaude.fr\/web\/index.php\/wp-json\/wp\/v2\/media\/6932"}],"wp:attachment":[{"href":"https:\/\/www.andreclaude.fr\/web\/index.php\/wp-json\/wp\/v2\/media?parent=5529"}],"wp:term":[{"taxonomy":"product_cat","embeddable":true,"href":"https:\/\/www.andreclaude.fr\/web\/index.php\/wp-json\/wp\/v2\/product_cat?post=5529"},{"taxonomy":"product_tag","embeddable":true,"href":"https:\/\/www.andreclaude.fr\/web\/index.php\/wp-json\/wp\/v2\/product_tag?post=5529"}],"curies":[{"name":"wp","href":"https:\/\/api.w.org\/{rel}","templated":true}]}}