{"id":5526,"date":"2015-12-07T11:32:47","date_gmt":"2015-12-07T10:32:47","guid":{"rendered":"http:\/\/www.andreclaude.fr\/web\/index.php\/produit\/champagne-r-de-ruinart\/"},"modified":"2022-08-04T16:33:29","modified_gmt":"2022-08-04T15:33:29","slug":"champagne-r-de-ruinart","status":"publish","type":"product","link":"https:\/\/www.andreclaude.fr\/web\/index.php\/produit\/champagne-r-de-ruinart\/","title":{"rendered":"Champagne R de Ruinart brut 75 cl"},"content":{"rendered":"","protected":false},"excerpt":{"rendered":"<p>Une cuv\u00e9e franche, vive, fruit\u00e9e et brioch\u00e9e. Ruinart est la maison la plus ancienne de champagne. Le chardonnay occupe une place importante au sein de l\u2019assemblage des cuv\u00e9es de la maison, qui se distinguent pas leur \u00e9l\u00e9gance et leur finesse.<\/p>\n<p>le \u00ab\u00a0R\u00a0\u00bb de Ruinart est l&rsquo;expression premi\u00e8re du go\u00fbt Ruinart. Assemblage classique des trois c\u00e9pages champenois, il se distingue par son effervescence soutenue, ses parfums vari\u00e9s o\u00f9 le fruit voisine avec la fleur et le biscuit. Sa bouche charnue, avec sa finale parfum\u00e9e et fra\u00eeche est des plus s\u00e9duisantes. Il passe volontiers de l&rsquo;ap\u00e9ritif \u00e0 la table.<\/p>\n<p>Alcool : 12 % Contient des sulfites<\/p>\n<p>Champagne Ruinart, 4 rue des Cray\u00e8res, 51100 Reims<\/p>\n<p>La consommation de boissons alcoolis\u00e9es pendant la grossesse, m\u00eame en faible quantit\u00e9, peut avoir des cons\u00e9quences graves sur la sant\u00e9 de l\u2019enfant.<\/p>\n<p>LA VENTE D ALCOOL EST INTERDITE AUX MINEURS.<\/p>\n<p>L ABUS D ALCOOL EST DANGEREUX POUR LA SANTE. A CONSOMMER AVEC MODERATION.<\/p>\n","protected":false},"featured_media":5527,"comment_status":"closed","ping_status":"closed","template":"","meta":[],"product_cat":[194,159],"product_tag":[],"jetpack_publicize_connections":[],"_links":{"self":[{"href":"https:\/\/www.andreclaude.fr\/web\/index.php\/wp-json\/wp\/v2\/product\/5526"}],"collection":[{"href":"https:\/\/www.andreclaude.fr\/web\/index.php\/wp-json\/wp\/v2\/product"}],"about":[{"href":"https:\/\/www.andreclaude.fr\/web\/index.php\/wp-json\/wp\/v2\/types\/product"}],"replies":[{"embeddable":true,"href":"https:\/\/www.andreclaude.fr\/web\/index.php\/wp-json\/wp\/v2\/comments?post=5526"}],"wp:featuredmedia":[{"embeddable":true,"href":"https:\/\/www.andreclaude.fr\/web\/index.php\/wp-json\/wp\/v2\/media\/5527"}],"wp:attachment":[{"href":"https:\/\/www.andreclaude.fr\/web\/index.php\/wp-json\/wp\/v2\/media?parent=5526"}],"wp:term":[{"taxonomy":"product_cat","embeddable":true,"href":"https:\/\/www.andreclaude.fr\/web\/index.php\/wp-json\/wp\/v2\/product_cat?post=5526"},{"taxonomy":"product_tag","embeddable":true,"href":"https:\/\/www.andreclaude.fr\/web\/index.php\/wp-json\/wp\/v2\/product_tag?post=5526"}],"curies":[{"name":"wp","href":"https:\/\/api.w.org\/{rel}","templated":true}]}}